{"id":1060,"date":"2019-12-09T19:12:46","date_gmt":"2019-12-10T00:12:46","guid":{"rendered":"https:\/\/medinadellago.com\/?page_id=1060"},"modified":"2019-12-09T19:26:17","modified_gmt":"2019-12-10T00:26:17","slug":"habitaciones","status":"publish","type":"page","link":"https:\/\/medinadellago.com\/en\/habitaciones\/","title":{"rendered":"Hotel Rooms"},"content":{"rendered":"<div class=\"wpb-content-wrapper\"><div class=\"vc_row wpb_row vc_row-fluid\"><div class=\"wpb_column vc_column_container vc_col-sm-12\"><div class=\"vc_column-inner\"><div class=\"wpb_wrapper\">\t\t\t<div class=\"info-box-wrapper\">\n\t\t\t\t<div id=\"wd-5deeddf0aa07a\" class=\"wd-rs-5deeddf0aa07a wd-info-box wd-wpb text-center box-icon-align-top box-style- color-scheme- wd-bg-none\">\n\t\t\t\t\t\t\t\t\t\t\t<div class=\"box-icon-wrapper  box-with-icon box-icon-simple\">\n\t\t\t\t\t\t\t<div class=\"info-box-icon\">\n\n\t\t\t\t\t\t\t\n\t\t\t\t\t\t\t\t\t\t\t\t\t\t\t\t\t<img fetchpriority=\"high\" decoding=\"async\" width=\"2000\" height=\"1335\" src=\"https:\/\/medinadellago.com\/wp-content\/uploads\/2019\/12\/hab-estandar1-2.jpg\" class=\"attachment-full size-full\" alt=\"\" srcset=\"https:\/\/medinadellago.com\/wp-content\/uploads\/2019\/12\/hab-estandar1-2.jpg 2000w, https:\/\/medinadellago.com\/wp-content\/uploads\/2019\/12\/hab-estandar1-2-300x200.jpg 300w, https:\/\/medinadellago.com\/wp-content\/uploads\/2019\/12\/hab-estandar1-2-1024x684.jpg 1024w, https:\/\/medinadellago.com\/wp-content\/uploads\/2019\/12\/hab-estandar1-2-768x513.jpg 768w, https:\/\/medinadellago.com\/wp-content\/uploads\/2019\/12\/hab-estandar1-2-1536x1025.jpg 1536w, https:\/\/medinadellago.com\/wp-content\/uploads\/2019\/12\/hab-estandar1-2-1200x801.jpg 1200w\" sizes=\"(max-width: 2000px) 100vw, 2000px\" \/>\t\t\t\t\t\t\t\t\t\t\t\t\t\t\t\n\t\t\t\t\t\t\t<\/div>\n\t\t\t\t\t\t<\/div>\n\t\t\t\t\t\t\t\t\t\t<div class=\"info-box-content\">\n\t\t\t\t\t\t<h4 class=\"info-box-title title box-title-style-default wd-fontsize-s\">Single Room<\/h4>\t\t\t\t\t\t<div class=\"info-box-inner reset-last-child\"><\/div>\n\n\t\t\t\t\t\t\t\t\t\t\t<\/div>\n\n\t\t\t\t\t\t\t\t\t\t\t<a class=\"wd-info-box-link wd-fill\" aria-label=\"Infobox link\" href=\"https:\/\/medinadellago.com\/en\/habitacion-estandar\/\" title=\"Single Room\"><\/a>\n\t\t\t\t\t\n\t\t\t\t\t\t\t\t\t<\/div>\n\t\t\t<\/div>\n\t\t\t\t\t<div class=\"info-box-wrapper\">\n\t\t\t\t<div id=\"wd-5deede265f608\" class=\"wd-rs-5deede265f608 wd-info-box wd-wpb text-center box-icon-align-top box-style- color-scheme- wd-bg-none\">\n\t\t\t\t\t\t\t\t\t\t\t<div class=\"box-icon-wrapper  box-with-icon box-icon-simple\">\n\t\t\t\t\t\t\t<div class=\"info-box-icon\">\n\n\t\t\t\t\t\t\t\n\t\t\t\t\t\t\t\t\t\t\t\t\t\t\t\t\t<img decoding=\"async\" width=\"2000\" height=\"1335\" src=\"https:\/\/medinadellago.com\/wp-content\/uploads\/2019\/12\/hab-doble1.jpg\" class=\"attachment-full size-full\" alt=\"\" srcset=\"https:\/\/medinadellago.com\/wp-content\/uploads\/2019\/12\/hab-doble1.jpg 2000w, https:\/\/medinadellago.com\/wp-content\/uploads\/2019\/12\/hab-doble1-300x200.jpg 300w, https:\/\/medinadellago.com\/wp-content\/uploads\/2019\/12\/hab-doble1-1024x684.jpg 1024w, https:\/\/medinadellago.com\/wp-content\/uploads\/2019\/12\/hab-doble1-768x513.jpg 768w, https:\/\/medinadellago.com\/wp-content\/uploads\/2019\/12\/hab-doble1-1536x1025.jpg 1536w, https:\/\/medinadellago.com\/wp-content\/uploads\/2019\/12\/hab-doble1-1200x801.jpg 1200w\" sizes=\"(max-width: 2000px) 100vw, 2000px\" \/>\t\t\t\t\t\t\t\t\t\t\t\t\t\t\t\n\t\t\t\t\t\t\t<\/div>\n\t\t\t\t\t\t<\/div>\n\t\t\t\t\t\t\t\t\t\t<div class=\"info-box-content\">\n\t\t\t\t\t\t<h4 class=\"info-box-title title box-title-style-default wd-fontsize-s\">Double Room<\/h4>\t\t\t\t\t\t<div class=\"info-box-inner reset-last-child\"><\/div>\n\n\t\t\t\t\t\t\t\t\t\t\t<\/div>\n\n\t\t\t\t\t\t\t\t\t\t\t<a class=\"wd-info-box-link wd-fill\" aria-label=\"Infobox link\" href=\"https:\/\/medinadellago.com\/en\/habitacion-doble\/\" title=\"Double Room\"><\/a>\n\t\t\t\t\t\n\t\t\t\t\t\t\t\t\t<\/div>\n\t\t\t<\/div>\n\t\t\t\t\t<div class=\"info-box-wrapper\">\n\t\t\t\t<div id=\"wd-5deede375c3c4\" class=\"wd-rs-5deede375c3c4 wd-info-box wd-wpb text-center box-icon-align-top box-style- color-scheme- wd-bg-none\">\n\t\t\t\t\t\t\t\t\t\t\t<div class=\"box-icon-wrapper  box-with-icon box-icon-simple\">\n\t\t\t\t\t\t\t<div class=\"info-box-icon\">\n\n\t\t\t\t\t\t\t\n\t\t\t\t\t\t\t\t\t\t\t\t\t\t\t\t\t<img decoding=\"async\" width=\"1000\" height=\"667\" src=\"https:\/\/medinadellago.com\/wp-content\/uploads\/2019\/12\/hab-junior1.jpg\" class=\"attachment-full size-full\" alt=\"\" srcset=\"https:\/\/medinadellago.com\/wp-content\/uploads\/2019\/12\/hab-junior1.jpg 1000w, https:\/\/medinadellago.com\/wp-content\/uploads\/2019\/12\/hab-junior1-300x200.jpg 300w, https:\/\/medinadellago.com\/wp-content\/uploads\/2019\/12\/hab-junior1-768x512.jpg 768w\" sizes=\"(max-width: 1000px) 100vw, 1000px\" \/>\t\t\t\t\t\t\t\t\t\t\t\t\t\t\t\n\t\t\t\t\t\t\t<\/div>\n\t\t\t\t\t\t<\/div>\n\t\t\t\t\t\t\t\t\t\t<div class=\"info-box-content\">\n\t\t\t\t\t\t<h4 class=\"info-box-title title box-title-style-default wd-fontsize-s\">Junior Suite<\/h4>\t\t\t\t\t\t<div class=\"info-box-inner reset-last-child\"><\/div>\n\n\t\t\t\t\t\t\t\t\t\t\t<\/div>\n\n\t\t\t\t\t\t\t\t\t\t\t<a class=\"wd-info-box-link wd-fill\" aria-label=\"Infobox link\" href=\"https:\/\/medinadellago.com\/en\/junior-suite\/\" title=\"Junior Suite\"><\/a>\n\t\t\t\t\t\n\t\t\t\t\t\t\t\t\t<\/div>\n\t\t\t<\/div>\n\t\t\t\t\t<div class=\"info-box-wrapper\">\n\t\t\t\t<div id=\"wd-5deede43092ea\" class=\"wd-rs-5deede43092ea wd-info-box wd-wpb text-center box-icon-align-top box-style- color-scheme- wd-bg-none\">\n\t\t\t\t\t\t\t\t\t\t\t<div class=\"box-icon-wrapper  box-with-icon box-icon-simple\">\n\t\t\t\t\t\t\t<div class=\"info-box-icon\">\n\n\t\t\t\t\t\t\t\n\t\t\t\t\t\t\t\t\t\t\t\t\t\t\t\t\t<img loading=\"lazy\" decoding=\"async\" width=\"1500\" height=\"1001\" src=\"https:\/\/medinadellago.com\/wp-content\/uploads\/2019\/12\/hab-suite1-1.jpg\" class=\"attachment-full size-full\" alt=\"\" srcset=\"https:\/\/medinadellago.com\/wp-content\/uploads\/2019\/12\/hab-suite1-1.jpg 1500w, https:\/\/medinadellago.com\/wp-content\/uploads\/2019\/12\/hab-suite1-1-300x200.jpg 300w, https:\/\/medinadellago.com\/wp-content\/uploads\/2019\/12\/hab-suite1-1-1024x683.jpg 1024w, https:\/\/medinadellago.com\/wp-content\/uploads\/2019\/12\/hab-suite1-1-768x513.jpg 768w, https:\/\/medinadellago.com\/wp-content\/uploads\/2019\/12\/hab-suite1-1-1200x801.jpg 1200w\" sizes=\"(max-width: 1500px) 100vw, 1500px\" \/>\t\t\t\t\t\t\t\t\t\t\t\t\t\t\t\n\t\t\t\t\t\t\t<\/div>\n\t\t\t\t\t\t<\/div>\n\t\t\t\t\t\t\t\t\t\t<div class=\"info-box-content\">\n\t\t\t\t\t\t<h4 class=\"info-box-title title box-title-style-default wd-fontsize-s\">Suite<\/h4>\t\t\t\t\t\t<div class=\"info-box-inner reset-last-child\"><\/div>\n\n\t\t\t\t\t\t\t\t\t\t\t<\/div>\n\n\t\t\t\t\t\t\t\t\t\t\t<a class=\"wd-info-box-link wd-fill\" aria-label=\"Infobox link\" href=\"https:\/\/medinadellago.com\/en\/suite-doble\/\" title=\"Suite\"><\/a>\n\t\t\t\t\t\n\t\t\t\t\t\t\t\t\t<\/div>\n\t\t\t<\/div>\n\t\t\t\t\t<div class=\"info-box-wrapper\">\n\t\t\t\t<div id=\"wd-5deee12dce464\" class=\"wd-rs-5deee12dce464 wd-info-box wd-wpb text-center box-icon-align-top box-style- color-scheme- wd-bg-none\">\n\t\t\t\t\t\t\t\t\t\t\t<div class=\"box-icon-wrapper  box-with-icon box-icon-simple\">\n\t\t\t\t\t\t\t<div class=\"info-box-icon\">\n\n\t\t\t\t\t\t\t\n\t\t\t\t\t\t\t\t\t\t\t\t\t\t\t\t\t<img loading=\"lazy\" decoding=\"async\" width=\"1500\" height=\"1001\" src=\"https:\/\/medinadellago.com\/wp-content\/uploads\/2019\/12\/hab-sm4.jpg\" class=\"attachment-full size-full\" alt=\"\" srcset=\"https:\/\/medinadellago.com\/wp-content\/uploads\/2019\/12\/hab-sm4.jpg 1500w, https:\/\/medinadellago.com\/wp-content\/uploads\/2019\/12\/hab-sm4-300x200.jpg 300w, https:\/\/medinadellago.com\/wp-content\/uploads\/2019\/12\/hab-sm4-1024x683.jpg 1024w, https:\/\/medinadellago.com\/wp-content\/uploads\/2019\/12\/hab-sm4-768x513.jpg 768w, https:\/\/medinadellago.com\/wp-content\/uploads\/2019\/12\/hab-sm4-1200x801.jpg 1200w\" sizes=\"(max-width: 1500px) 100vw, 1500px\" \/>\t\t\t\t\t\t\t\t\t\t\t\t\t\t\t\n\t\t\t\t\t\t\t<\/div>\n\t\t\t\t\t\t<\/div>\n\t\t\t\t\t\t\t\t\t\t<div class=\"info-box-content\">\n\t\t\t\t\t\t<h4 class=\"info-box-title title box-title-style-default wd-fontsize-s\">Medina del Lago Suite<\/h4>\t\t\t\t\t\t<div class=\"info-box-inner reset-last-child\"><\/div>\n\n\t\t\t\t\t\t\t\t\t\t\t<\/div>\n\n\t\t\t\t\t\t\t\t\t\t\t<a class=\"wd-info-box-link wd-fill\" aria-label=\"Infobox link\" href=\"https:\/\/medinadellago.com\/en\/suite-medina-del-lago\/\" title=\"Suite\"><\/a>\n\t\t\t\t\t\n\t\t\t\t\t\t\t\t\t<\/div>\n\t\t\t<\/div>\n\t\t<\/div><\/div><\/div><\/div>\n<\/div>","protected":false},"excerpt":{"rendered":"Habitaci\u00f3n Est\u00e1ndar Habitaci\u00f3n Doble Junior Suite Suite Suite Medina del Lago","protected":false},"author":1,"featured_media":0,"parent":0,"menu_order":0,"comment_status":"closed","ping_status":"closed","template":"","meta":{"_joinchat":[],"footnotes":""},"class_list":["post-1060","page","type-page","status-publish","hentry"],"_links":{"self":[{"href":"https:\/\/medinadellago.com\/en\/wp-json\/wp\/v2\/pages\/1060","targetHints":{"allow":["GET"]}}],"collection":[{"href":"https:\/\/medinadellago.com\/en\/wp-json\/wp\/v2\/pages"}],"about":[{"href":"https:\/\/medinadellago.com\/en\/wp-json\/wp\/v2\/types\/page"}],"author":[{"embeddable":true,"href":"https:\/\/medinadellago.com\/en\/wp-json\/wp\/v2\/users\/1"}],"replies":[{"embeddable":true,"href":"https:\/\/medinadellago.com\/en\/wp-json\/wp\/v2\/comments?post=1060"}],"version-history":[{"count":4,"href":"https:\/\/medinadellago.com\/en\/wp-json\/wp\/v2\/pages\/1060\/revisions"}],"predecessor-version":[{"id":1071,"href":"https:\/\/medinadellago.com\/en\/wp-json\/wp\/v2\/pages\/1060\/revisions\/1071"}],"wp:attachment":[{"href":"https:\/\/medinadellago.com\/en\/wp-json\/wp\/v2\/media?parent=1060"}],"curies":[{"name":"wp","href":"https:\/\/api.w.org\/{rel}","templated":true}]}}