{"id":1182,"date":"2019-12-12T18:44:26","date_gmt":"2019-12-12T23:44:26","guid":{"rendered":"https:\/\/medinadellago.com\/centro-de-bienestar-copy\/"},"modified":"2025-04-17T12:34:53","modified_gmt":"2025-04-17T17:34:53","slug":"bodas","status":"publish","type":"page","link":"https:\/\/medinadellago.com\/en\/bodas\/","title":{"rendered":"Medina Weddings"},"content":{"rendered":"<div class=\"wpb-content-wrapper\"><div data-vc-full-width=\"true\" data-vc-full-width-init=\"false\" class=\"vc_row wpb_row vc_row-fluid vc_custom_1576278191991 vc_row-has-fill vc_row-o-content-bottom vc_row-flex\"><div class=\"wpb_column vc_column_container vc_col-sm-4\"><div class=\"vc_column-inner vc_custom_1576197714889\"><div class=\"wpb_wrapper\"><\/div><\/div><\/div><div class=\"wpb_column vc_column_container vc_col-sm-8\"><div class=\"vc_column-inner\"><div class=\"wpb_wrapper\">\t\t\t<div id=\"wd-5df44c9c70aab\" class=\"wd-text-block-wrapper wd-wpb wd-rs-5df44c9c70aab color-scheme-light text-center vc_custom_1576291491668 textshadow-style-3\">\n\t\t\t\t<div class=\"woodmart-title-container woodmart-text-block reset-last-child font-primary wd-font-weight- \">\n\t\t\t\t\t<\/p>\n<h1 class=\"entry-title\" style=\"text-align: center;\">Medina Bodas<\/h1>\n<p>\t\t\t\t<\/div>\n\n\t\t\t\t\t\t\t<\/div>\n\t\t\t\t\t<div id=\"wd-5df44cb551c17\" class=\"wd-text-block-wrapper wd-wpb wd-rs-5df44cb551c17 color-scheme-light text-center vc_custom_1576291513942\">\n\t\t\t\t<div class=\"woodmart-title-container woodmart-text-block reset-last-child font-primary wd-font-weight-400 \">\n\t\t\t\t\t<\/p>\n<h1 class=\"entry-title\" style=\"text-align: center;\">\u00a1Perm\u00edtenos ser parte de tu d\u00eda especial!<\/h1>\n<p>\t\t\t\t<\/div>\n\n\t\t\t\t\t\t\t<\/div>\n\t\t<\/div><\/div><\/div><\/div><div class=\"vc_row-full-width vc_clearfix\"><\/div><div class=\"vc_row wpb_row vc_row-fluid z-index-10 position-relative vc_custom_1576276065428 vc_row-o-equal-height vc_row-flex\"><div class=\"wpb_column vc_column_container vc_col-sm-4 woodmart-sticky-column wd_sticky_offset_150\"><div class=\"vc_column-inner vc_custom_1576276119550\"><div class=\"wpb_wrapper\"><div class=\"vc_empty_space vc_hidden-lg vc_hidden-md\"   style=\"height: 220px\"><span class=\"vc_empty_space_inner\"><\/span><\/div><div class=\"vc_row wpb_row vc_inner vc_row-fluid box-shadow-style-3 vc_custom_1574926724917 vc_row-has-fill vc_row-o-content-middle vc_row-flex\"><div class=\"wpb_column vc_column_container vc_col-sm-12\"><div class=\"vc_column-inner vc_custom_1576281190203\"><div class=\"wpb_wrapper\">\n\t<div  class=\"wpb_single_image wpb_content_element vc_align_center vc_custom_1744911291352\">\n\t\t\n\t\t<figure class=\"wpb_wrapper vc_figure\">\n\t\t\t<div class=\"vc_single_image-wrapper   vc_box_border_grey\"><img decoding=\"async\" width=\"66\" height=\"59\" src=\"https:\/\/medinadellago.com\/wp-content\/uploads\/2025\/04\/aros-1.png\" class=\"vc_single_image-img attachment-full\" alt=\"\" title=\"aros\" \/><\/div>\n\t\t<\/figure>\n\t<\/div>\n\t\t\t<div class=\"info-box-wrapper\">\n\t\t\t\t<div id=\"wd-5df45092b522c\" class=\" wd-rs-5df45092b522c wd-info-box wd-wpb text-center box-icon-align-top box-style- color-scheme-dark wd-bg-none vc_custom_1576292524094\">\n\t\t\t\t\t\t\t\t\t\t<div class=\"info-box-content\">\n\t\t\t\t\t\t<h4 class=\"info-box-title title box-title-style-default wd-fontsize-xl\">Solicitar Cotizaci\u00f3n<\/h4>\t\t\t\t\t\t<div class=\"info-box-inner reset-last-child\"><p>D\u00e9janos tus datos, nos pondremos en contacto<\/p>\n<\/div>\n\n\t\t\t\t\t\t\t\t\t\t\t<\/div>\n\n\t\t\t\t\t\n\t\t\t\t\t\t\t\t\t<\/div>\n\t\t\t<\/div>\n\t\t\n<div class=\"wpcf7 no-js\" id=\"wpcf7-f1203-o1\" lang=\"es-ES\" dir=\"ltr\" data-wpcf7-id=\"1203\">\n<div class=\"screen-reader-response\"><p role=\"status\" aria-live=\"polite\" aria-atomic=\"true\"><\/p> <ul><\/ul><\/div>\n<form action=\"\/en\/wp-json\/wp\/v2\/pages\/1182#wpcf7-f1203-o1\" method=\"post\" class=\"wpcf7-form init\" aria-label=\"Formulario de contacto\" novalidate=\"novalidate\" data-status=\"init\">\n<fieldset class=\"hidden-fields-container\"><input type=\"hidden\" name=\"_wpcf7\" value=\"1203\" \/><input type=\"hidden\" name=\"_wpcf7_version\" value=\"6.1.5\" \/><input type=\"hidden\" name=\"_wpcf7_locale\" value=\"es_ES\" \/><input type=\"hidden\" name=\"_wpcf7_unit_tag\" value=\"wpcf7-f1203-o1\" \/><input type=\"hidden\" name=\"_wpcf7_container_post\" value=\"0\" \/><input type=\"hidden\" name=\"_wpcf7_posted_data_hash\" value=\"\" \/>\n<\/fieldset>\n<p><b><span class=\"wpcf7-form-control-wrap\" data-name=\"your-name\"><input size=\"40\" maxlength=\"400\" class=\"wpcf7-form-control wpcf7-text wpcf7-validates-as-required\" aria-required=\"true\" aria-invalid=\"false\" placeholder=\"Tu Nombre\" value=\"\" type=\"text\" name=\"your-name\" \/><\/span><\/b><br \/>\n<b><span class=\"wpcf7-form-control-wrap\" data-name=\"your-email\"><input size=\"40\" maxlength=\"400\" class=\"wpcf7-form-control wpcf7-email wpcf7-validates-as-required wpcf7-text wpcf7-validates-as-email\" aria-required=\"true\" aria-invalid=\"false\" placeholder=\"Email\" value=\"\" type=\"email\" name=\"your-email\" \/><\/span><\/b><br \/>\n<b><span class=\"wpcf7-form-control-wrap\" data-name=\"telf\"><input size=\"40\" maxlength=\"400\" class=\"wpcf7-form-control wpcf7-text wpcf7-validates-as-required\" aria-required=\"true\" aria-invalid=\"false\" placeholder=\"Tel\u00e9fono\" value=\"\" type=\"text\" name=\"telf\" \/><\/span><\/b><br \/>\n<label>Fecha tentativa del evento<span class=\"wpcf7-form-control-wrap\" data-name=\"fechab\"><input class=\"wpcf7-form-control wpcf7-date wpcf7-validates-as-required wpcf7-validates-as-date\" aria-required=\"true\" aria-invalid=\"false\" value=\"\" type=\"date\" name=\"fechab\" \/><\/span><\/label>\n<\/p>\n<p>[anr_nocaptcha g-recaptcha-response]\n<\/p>\n<p><input class=\"wpcf7-form-control wpcf7-submit has-spinner btn-color-black\" type=\"submit\" value=\"ENVIAR MENSAJE\" \/>\n<\/p><div class=\"wpcf7-response-output\" aria-hidden=\"true\"><\/div>\n<\/form>\n<\/div>\n<div id=\"wd-5df452fcd56da\" class=\" wd-rs-5df452fcd56da  wd-button-wrapper text-left\"><a href=\"http:\/\/bit.ly\/Whatsapp-Boda\" title=\"\" target=\"_blank\" class=\"btn btn-color-primary btn-style-link btn-shape-rectangle btn-size-default\">Preguntar por Whatsapp<\/a><\/div><div class=\"vc_empty_space vc_hidden-lg vc_hidden-md\"   style=\"height: 20px\"><span class=\"vc_empty_space_inner\"><\/span><\/div><\/div><\/div><\/div><\/div><\/div><\/div><\/div><div class=\"wpb_column vc_column_container vc_col-sm-8\"><div class=\"vc_column-inner\"><div class=\"wpb_wrapper\"><div class=\"vc_row wpb_row vc_inner vc_row-fluid\"><div class=\"wpb_column vc_column_container vc_col-sm-6\"><div class=\"vc_column-inner\"><div class=\"wpb_wrapper\">\t\t\t<div id=\"wd-5df43a4e508ae\" class=\"wd-text-block-wrapper wd-wpb wd-rs-5df43a4e508ae color-scheme-dark text-center vc_custom_1576286802809\">\n\t\t\t\t<div class=\"woodmart-title-container woodmart-text-block reset-last-child font-primary wd-font-weight-400 \">\n\t\t\t\t\tLa Boda de tus<br \/>\n<em><strong>sue\u00f1os!<\/strong><\/em>\t\t\t\t<\/div>\n\n\t\t\t\t\t\t\t<\/div>\n\t\t\t\t\t<div id=\"wd-5df42e96cf69c\" class=\"wd-text-block-wrapper wd-wpb wd-rs-5df42e96cf69c color-scheme- text-left vc_custom_1576283838221\">\n\t\t\t\t<div class=\"woodmart-title-container woodmart-text-block reset-last-child font-text wd-font-weight- \">\n\t\t\t\t\t<\/p>\n<p align=\"justify\">Contamos con exclusivas \u00e1reas, con capacidad m\u00e1xima (80 personas \u00e1rea cerrada) y de hasta 150 personas (\u00e1rea abierta) en medio del espectacular paisaje de monta\u00f1a. Adicionalmente, contamos para que todas sus celebraciones en pareja sean una experiencia memorable, ofreciendo:<\/p>\n<ul>\n<li>Escapadas Rom\u00e1nticas (incluye habitaci\u00f3n)<\/li>\n<li>Compromiso (entrega de anillo o pedida de mano)<\/li>\n<li>Cena de Ensayo (con familia y amigos)<\/li>\n<li>Boda Civil (ceremonia y c\u00f3ctel o recepci\u00f3n)<\/li>\n<li>Toma de fotograf\u00edas en el hotel<\/li>\n<li>Luna de Miel<\/li>\n<li>Cena de Aniversario<\/li>\n<\/ul>\n<p>\t\t\t\t<\/div>\n\n\t\t\t\t\t\t\t<\/div>\n\t\t<section class=\"vc_cta3-container\"><div class=\"vc_general vc_do_cta3 vc_cta3 vc_cta3-style-custom vc_cta3-shape-rounded vc_cta3-align-center vc_cta3-icon-size-md\" style=\"background-color:#5e0300;\"><div class=\"vc_cta3_content-container\"><div class=\"vc_cta3-content\"><header class=\"vc_cta3-content-header\"><h2 style=\"color:#ffffff;\">PAQUETES DESDE USD 69<\/h2><\/header><p><span style=\"color: #ffffff;\">por persona + impuestos y cargos<\/span><\/p>\n<\/div><\/div><\/div><\/section>\t\t\t<div id=\"wd-5df44a7b37e3e\" class=\"wd-text-block-wrapper wd-wpb wd-rs-5df44a7b37e3e color-scheme-dark text-center vc_custom_1576290956982\">\n\t\t\t\t<div class=\"woodmart-title-container woodmart-text-block reset-last-child font-primary wd-font-weight-400 \">\n\t\t\t\t\t\u00bfQue se <em><strong>incluye?<\/strong><\/em>\t\t\t\t<\/div>\n\n\t\t\t\t\t\t\t<\/div>\n\t\t\t\t\t<div id=\"wd-5df43a8c01910\" class=\"wd-text-block-wrapper wd-wpb wd-rs-5df43a8c01910 color-scheme- text-left vc_custom_1576286915721\">\n\t\t\t\t<div class=\"woodmart-title-container woodmart-text-block reset-last-child font-text wd-font-weight- \">\n\t\t\t\t\t<\/p>\n<ul>\n<li>Coordinador en bodas para todos los aspectos de su d\u00eda especial.<\/li>\n<li>Coordinador del evento para manejo de protocolo<\/li>\n<li>Una degustaci\u00f3n personalizada para finalizar las opciones del men\u00fa ( 2 personas)<\/li>\n<li>Servicio completo para banquetes que incluye mesas, sillas, manteler\u00eda con largo hasta el piso y servilletas a juego, elegante vajilla, cuberter\u00eda y cristaler\u00eda<\/li>\n<li>Meseros profesionales bien presentados para el men\u00fa de 4 tiempos<\/li>\n<li>Cd m\u00f3vil , DJ profesional (micr\u00f3fono y sonido)<\/li>\n<li>Centro de mesa bajo elecci\u00f3n<\/li>\n<li>Accesorios para mesa de dulces altos y bajos, en bases de cristal o madera<\/li>\n<\/ul>\n<p>\t\t\t\t<\/div>\n\n\t\t\t\t\t\t\t<\/div>\n\t\t\t\t\t<div id=\"wd-5df44a1d1bbd6\" class=\"wd-text-block-wrapper wd-wpb wd-rs-5df44a1d1bbd6 color-scheme-dark text-center vc_custom_1576290875239\">\n\t\t\t\t<div class=\"woodmart-title-container woodmart-text-block reset-last-child font-primary wd-font-weight-400 \">\n\t\t\t\t\tMen\u00fa y <em><strong>bebidas<\/strong><\/em>\t\t\t\t<\/div>\n\n\t\t\t\t\t\t\t<\/div>\n\t\t\t\t\t<div id=\"wd-5df44aa0b21e6\" class=\"wd-text-block-wrapper wd-wpb wd-rs-5df44aa0b21e6 color-scheme- text-left vc_custom_1576291013398\">\n\t\t\t\t<div class=\"woodmart-title-container woodmart-text-block reset-last-child font-text wd-font-weight- \">\n\t\t\t\t\t<\/p>\n<ul>\n<li>Men\u00fa de cuatro tiempos<\/li>\n<li>Men\u00fa a elecci\u00f3n<\/li>\n<li>Pan y mantequilla a la mesa<\/li>\n<li>Agua sin gas<\/li>\n<li>Agua mineral<\/li>\n<li>Gaseosas<\/li>\n<li>Hielo<\/li>\n<li>Estaci\u00f3n de bebidas calientes (caf\u00e9, arom\u00e1ticas)<\/li>\n<\/ul>\n<p>\t\t\t\t<\/div>\n\n\t\t\t\t\t\t\t<\/div>\n\t\t\t\t\t<div id=\"wd-5df44ae7aeebc\" class=\"wd-text-block-wrapper wd-wpb wd-rs-5df44ae7aeebc color-scheme-dark text-center vc_custom_1576291053379\">\n\t\t\t\t<div class=\"woodmart-title-container woodmart-text-block reset-last-child font-primary wd-font-weight-400 \">\n\t\t\t\t\t<em><strong>Cortes\u00eda<\/strong><\/em> de la casa\t\t\t\t<\/div>\n\n\t\t\t\t\t\t\t<\/div>\n\t\t\t\t\t<div id=\"wd-5df44b39210dd\" class=\"wd-text-block-wrapper wd-wpb wd-rs-5df44b39210dd color-scheme- text-left vc_custom_1576291134677\">\n\t\t\t\t<div class=\"woodmart-title-container woodmart-text-block reset-last-child font-text wd-font-weight- \">\n\t\t\t\t\t<\/p>\n<ul>\n<li>Alojamiento de cortes\u00eda para los novios en la noche de bodas<\/li>\n<li>C\u00f3ctel de bienvenida (bebidas refrescantes de frutas naturales con hierbas arom\u00e1ticas)<\/li>\n<li>Tarifas de habitaci\u00f3n especiales para que sus invitados y familiares descansen<\/li>\n<li>Parqueadero<\/li>\n<\/ul>\n<p>\t\t\t\t<\/div>\n\n\t\t\t\t\t\t\t<\/div>\n\t\t\t\t\t<div id=\"wd-5df44b4ebfabc\" class=\"wd-text-block-wrapper wd-wpb wd-rs-5df44b4ebfabc color-scheme-dark text-center vc_custom_1576291165981\">\n\t\t\t\t<div class=\"woodmart-title-container woodmart-text-block reset-last-child font-primary wd-font-weight-400 \">\n\t\t\t\t\tServicios <em><strong>Adicionales<\/strong><\/em>\t\t\t\t<\/div>\n\n\t\t\t\t\t\t\t<\/div>\n\t\t\t\t\t<div id=\"wd-5df44b84af126\" class=\"wd-text-block-wrapper wd-wpb wd-rs-5df44b84af126 color-scheme- text-left vc_custom_1576291211848\">\n\t\t\t\t<div class=\"woodmart-title-container woodmart-text-block reset-last-child font-text wd-font-weight- \">\n\t\t\t\t\t<\/p>\n<ul>\n<li>Pastel de bodas personalizado<\/li>\n<li>Barra libre con bebidas de marcas de lujo<\/li>\n<li>Juegos Pirot\u00e9cnicos<\/li>\n<li>Personajes animados<\/li>\n<li>Decoraci\u00f3n especial<\/li>\n<li>M\u00fasicos \/ Orquesta<\/li>\n<\/ul>\n<p>\t\t\t\t<\/div>\n\n\t\t\t\t\t\t\t<\/div>\n\t\t<\/div><\/div><\/div><div class=\"wpb_column vc_column_container vc_col-sm-6\"><div class=\"vc_column-inner\"><div class=\"wpb_wrapper\">\n\t<div  class=\"wpb_single_image wpb_content_element vc_align_center vc_custom_1576285197279\">\n\t\t\n\t\t<figure class=\"wpb_wrapper vc_figure\">\n\t\t\t<div class=\"vc_single_image-wrapper   vc_box_border_grey\"><img fetchpriority=\"high\" decoding=\"async\" width=\"742\" height=\"903\" src=\"https:\/\/medinadellago.com\/wp-content\/uploads\/2019\/12\/9cf2451a-e990-4542-93e9-f61a7ddd8f30.jpg\" class=\"vc_single_image-img attachment-full\" alt=\"\" title=\"9cf2451a-e990-4542-93e9-f61a7ddd8f30\" srcset=\"https:\/\/medinadellago.com\/wp-content\/uploads\/2019\/12\/9cf2451a-e990-4542-93e9-f61a7ddd8f30.jpg 742w, https:\/\/medinadellago.com\/wp-content\/uploads\/2019\/12\/9cf2451a-e990-4542-93e9-f61a7ddd8f30-247x300.jpg 247w\" sizes=\"(max-width: 742px) 100vw, 742px\" \/><\/div>\n\t\t<\/figure>\n\t<\/div>\n\n\t<div  class=\"wpb_single_image wpb_content_element vc_align_center vc_custom_1576285179406\">\n\t\t\n\t\t<figure class=\"wpb_wrapper vc_figure\">\n\t\t\t<div class=\"vc_single_image-wrapper   vc_box_border_grey\"><img decoding=\"async\" width=\"734\" height=\"500\" src=\"https:\/\/medinadellago.com\/wp-content\/uploads\/2019\/12\/5eed500d-5d09-4d3a-ad3c-4d05bdb80aac.jpg\" class=\"vc_single_image-img attachment-full\" alt=\"\" title=\"5eed500d-5d09-4d3a-ad3c-4d05bdb80aac\" srcset=\"https:\/\/medinadellago.com\/wp-content\/uploads\/2019\/12\/5eed500d-5d09-4d3a-ad3c-4d05bdb80aac.jpg 734w, https:\/\/medinadellago.com\/wp-content\/uploads\/2019\/12\/5eed500d-5d09-4d3a-ad3c-4d05bdb80aac-300x204.jpg 300w\" sizes=\"(max-width: 734px) 100vw, 734px\" \/><\/div>\n\t\t<\/figure>\n\t<\/div>\n\n\t<div  class=\"wpb_single_image wpb_content_element vc_align_center vc_custom_1576285215554\">\n\t\t\n\t\t<figure class=\"wpb_wrapper vc_figure\">\n\t\t\t<div class=\"vc_single_image-wrapper   vc_box_border_grey\"><img loading=\"lazy\" decoding=\"async\" width=\"744\" height=\"491\" src=\"https:\/\/medinadellago.com\/wp-content\/uploads\/2019\/12\/addfc898-d023-44e9-8eed-fcde4ed37318.jpg\" class=\"vc_single_image-img attachment-full\" alt=\"\" title=\"addfc898-d023-44e9-8eed-fcde4ed37318\" srcset=\"https:\/\/medinadellago.com\/wp-content\/uploads\/2019\/12\/addfc898-d023-44e9-8eed-fcde4ed37318.jpg 744w, https:\/\/medinadellago.com\/wp-content\/uploads\/2019\/12\/addfc898-d023-44e9-8eed-fcde4ed37318-300x198.jpg 300w\" sizes=\"(max-width: 744px) 100vw, 744px\" \/><\/div>\n\t\t<\/figure>\n\t<\/div>\n\n\t<div  class=\"wpb_single_image wpb_content_element vc_align_center vc_custom_1576292666353\">\n\t\t\n\t\t<figure class=\"wpb_wrapper vc_figure\">\n\t\t\t<div class=\"vc_single_image-wrapper   vc_box_border_grey\"><img loading=\"lazy\" decoding=\"async\" width=\"705\" height=\"477\" src=\"https:\/\/medinadellago.com\/wp-content\/uploads\/2019\/12\/eb584502-fe3a-4a23-bae2-89dbd5c3fc93.jpg\" class=\"vc_single_image-img attachment-full\" alt=\"\" title=\"eb584502-fe3a-4a23-bae2-89dbd5c3fc93\" srcset=\"https:\/\/medinadellago.com\/wp-content\/uploads\/2019\/12\/eb584502-fe3a-4a23-bae2-89dbd5c3fc93.jpg 705w, https:\/\/medinadellago.com\/wp-content\/uploads\/2019\/12\/eb584502-fe3a-4a23-bae2-89dbd5c3fc93-300x203.jpg 300w\" sizes=\"(max-width: 705px) 100vw, 705px\" \/><\/div>\n\t\t<\/figure>\n\t<\/div>\n\n\t<div  class=\"wpb_single_image wpb_content_element vc_align_center vc_custom_1576292689768\">\n\t\t\n\t\t<figure class=\"wpb_wrapper vc_figure\">\n\t\t\t<div class=\"vc_single_image-wrapper   vc_box_border_grey\"><img loading=\"lazy\" decoding=\"async\" width=\"871\" height=\"511\" src=\"https:\/\/medinadellago.com\/wp-content\/uploads\/2019\/12\/comida.jpg\" class=\"vc_single_image-img attachment-full\" alt=\"\" title=\"comida\" srcset=\"https:\/\/medinadellago.com\/wp-content\/uploads\/2019\/12\/comida.jpg 871w, https:\/\/medinadellago.com\/wp-content\/uploads\/2019\/12\/comida-300x176.jpg 300w, https:\/\/medinadellago.com\/wp-content\/uploads\/2019\/12\/comida-768x451.jpg 768w\" sizes=\"(max-width: 871px) 100vw, 871px\" \/><\/div>\n\t\t<\/figure>\n\t<\/div>\n\n\t<div  class=\"wpb_single_image wpb_content_element vc_align_center vc_custom_1576292968329\">\n\t\t\n\t\t<figure class=\"wpb_wrapper vc_figure\">\n\t\t\t<div class=\"vc_single_image-wrapper   vc_box_border_grey\"><img loading=\"lazy\" decoding=\"async\" width=\"600\" height=\"400\" src=\"https:\/\/medinadellago.com\/wp-content\/uploads\/2019\/12\/L8A6667-copia.jpg\" class=\"vc_single_image-img attachment-full\" alt=\"\" title=\"_L8A6667 - copia\" srcset=\"https:\/\/medinadellago.com\/wp-content\/uploads\/2019\/12\/L8A6667-copia.jpg 600w, https:\/\/medinadellago.com\/wp-content\/uploads\/2019\/12\/L8A6667-copia-300x200.jpg 300w\" sizes=\"(max-width: 600px) 100vw, 600px\" \/><\/div>\n\t\t<\/figure>\n\t<\/div>\n\n\t<div  class=\"wpb_single_image wpb_content_element vc_align_center vc_custom_1576292949344\">\n\t\t\n\t\t<figure class=\"wpb_wrapper vc_figure\">\n\t\t\t<div class=\"vc_single_image-wrapper   vc_box_border_grey\"><img loading=\"lazy\" decoding=\"async\" width=\"747\" height=\"498\" src=\"https:\/\/medinadellago.com\/wp-content\/uploads\/2019\/12\/b79f7c8e-b55a-4746-84b1-c574b4f0c181.jpg\" class=\"vc_single_image-img attachment-full\" alt=\"\" title=\"b79f7c8e-b55a-4746-84b1-c574b4f0c181\" srcset=\"https:\/\/medinadellago.com\/wp-content\/uploads\/2019\/12\/b79f7c8e-b55a-4746-84b1-c574b4f0c181.jpg 747w, https:\/\/medinadellago.com\/wp-content\/uploads\/2019\/12\/b79f7c8e-b55a-4746-84b1-c574b4f0c181-300x200.jpg 300w\" sizes=\"(max-width: 747px) 100vw, 747px\" \/><\/div>\n\t\t<\/figure>\n\t<\/div>\n\n\t<div  class=\"wpb_single_image wpb_content_element vc_align_center vc_custom_1576292996062\">\n\t\t\n\t\t<figure class=\"wpb_wrapper vc_figure\">\n\t\t\t<div class=\"vc_single_image-wrapper   vc_box_border_grey\"><img loading=\"lazy\" decoding=\"async\" width=\"1280\" height=\"720\" src=\"https:\/\/medinadellago.com\/wp-content\/uploads\/2019\/12\/36ea4872-de2c-4ab7-842d-bc89e5f7abf3.jpg\" class=\"vc_single_image-img attachment-full\" alt=\"\" title=\"36ea4872-de2c-4ab7-842d-bc89e5f7abf3\" srcset=\"https:\/\/medinadellago.com\/wp-content\/uploads\/2019\/12\/36ea4872-de2c-4ab7-842d-bc89e5f7abf3.jpg 1280w, https:\/\/medinadellago.com\/wp-content\/uploads\/2019\/12\/36ea4872-de2c-4ab7-842d-bc89e5f7abf3-300x169.jpg 300w, https:\/\/medinadellago.com\/wp-content\/uploads\/2019\/12\/36ea4872-de2c-4ab7-842d-bc89e5f7abf3-1024x576.jpg 1024w, https:\/\/medinadellago.com\/wp-content\/uploads\/2019\/12\/36ea4872-de2c-4ab7-842d-bc89e5f7abf3-768x432.jpg 768w, https:\/\/medinadellago.com\/wp-content\/uploads\/2019\/12\/36ea4872-de2c-4ab7-842d-bc89e5f7abf3-1200x675.jpg 1200w\" sizes=\"(max-width: 1280px) 100vw, 1280px\" \/><\/div>\n\t\t<\/figure>\n\t<\/div>\n<\/div><\/div><\/div><\/div><\/div><\/div><\/div><\/div>\n<\/div>","protected":false},"excerpt":{"rendered":"Medina Bodas \u00a1Perm\u00edtenos ser parte de tu d\u00eda especial! Solicitar Cotizaci\u00f3n D\u00e9janos tus datos, nos pondremos en contacto Fecha tentativa","protected":false},"author":1,"featured_media":0,"parent":0,"menu_order":0,"comment_status":"closed","ping_status":"closed","template":"","meta":{"_joinchat":[],"footnotes":""},"class_list":["post-1182","page","type-page","status-publish","hentry"],"_links":{"self":[{"href":"https:\/\/medinadellago.com\/en\/wp-json\/wp\/v2\/pages\/1182","targetHints":{"allow":["GET"]}}],"collection":[{"href":"https:\/\/medinadellago.com\/en\/wp-json\/wp\/v2\/pages"}],"about":[{"href":"https:\/\/medinadellago.com\/en\/wp-json\/wp\/v2\/types\/page"}],"author":[{"embeddable":true,"href":"https:\/\/medinadellago.com\/en\/wp-json\/wp\/v2\/users\/1"}],"replies":[{"embeddable":true,"href":"https:\/\/medinadellago.com\/en\/wp-json\/wp\/v2\/comments?post=1182"}],"version-history":[{"count":73,"href":"https:\/\/medinadellago.com\/en\/wp-json\/wp\/v2\/pages\/1182\/revisions"}],"predecessor-version":[{"id":1461,"href":"https:\/\/medinadellago.com\/en\/wp-json\/wp\/v2\/pages\/1182\/revisions\/1461"}],"wp:attachment":[{"href":"https:\/\/medinadellago.com\/en\/wp-json\/wp\/v2\/media?parent=1182"}],"curies":[{"name":"wp","href":"https:\/\/api.w.org\/{rel}","templated":true}]}}