{"id":1359,"date":"2020-01-21T20:39:59","date_gmt":"2020-01-22T01:39:59","guid":{"rendered":"https:\/\/medinadellago.com\/restaurante-el-mirador-copy\/"},"modified":"2020-01-21T23:50:47","modified_gmt":"2020-01-22T04:50:47","slug":"actividades","status":"publish","type":"page","link":"https:\/\/medinadellago.com\/en\/actividades\/","title":{"rendered":"Actividades en Medina del Lago"},"content":{"rendered":"<div class=\"wpb-content-wrapper\"><div data-vc-full-width=\"true\" data-vc-full-width-init=\"false\" class=\"vc_row wpb_row vc_row-fluid vc_custom_1579658176567 vc_row-has-fill vc_row-o-content-bottom vc_row-flex\"><div class=\"wpb_column vc_column_container vc_col-sm-12\"><div class=\"vc_column-inner\"><div class=\"wpb_wrapper\">\t\t\t<div id=\"wd-5e27abf110789\" class=\"wd-text-block-wrapper wd-wpb wd-rs-5e27abf110789 color-scheme-light text-center vc_custom_1579658246767\">\n\t\t\t\t<div class=\"woodmart-title-container woodmart-text-block reset-last-child font-primary wd-font-weight-\">\n\t\t\t\t\t<\/p>\n<h1 class=\"entry-title\" style=\"text-align: center;\">Activities<\/h1>\n<p>\t\t\t\t<\/div>\n\n\t\t\t\t\t\t\t<\/div>\n\t\t<\/div><\/div><\/div><\/div><div class=\"vc_row-full-width vc_clearfix\"><\/div><div class=\"vc_row wpb_row vc_row-fluid vc_custom_1504079499615 vc_row-o-content-middle vc_row-flex\"><div class=\"wpb_column vc_column_container vc_col-sm-6\"><div class=\"vc_column-inner vc_custom_1504079673177\"><div class=\"wpb_wrapper\"><div class=\"vc_row wpb_row vc_inner vc_row-fluid vc_row-o-content-middle vc_row-flex\"><div class=\"wpb_column vc_column_container vc_col-sm-6\"><div class=\"vc_column-inner vc_custom_1502454527869\"><div class=\"wpb_wrapper\">\n\t<div  class=\"wpb_single_image wpb_content_element vc_align_center vc_custom_1579667608831\">\n\t\t\n\t\t<figure class=\"wpb_wrapper vc_figure\">\n\t\t\t<div class=\"vc_single_image-wrapper   vc_box_border_grey\"><img loading=\"lazy\" decoding=\"async\" class=\"vc_single_image-img\" src=\"https:\/\/medinadellago.com\/wp-content\/uploads\/2020\/01\/mujer-montando-a-caballo2.jpg\" width=\"400\" height=\"500\" alt=\"mujer-montando-a-caballo2\" title=\"mujer-montando-a-caballo2\" \/><\/div>\n\t\t<\/figure>\n\t<\/div>\n<\/div><\/div><\/div><div class=\"wpb_column vc_column_container vc_col-sm-6\"><div class=\"vc_column-inner vc_custom_1502454533190\"><div class=\"wpb_wrapper\">\n\t<div  class=\"wpb_single_image wpb_content_element vc_align_center vc_custom_1579667622629\">\n\t\t\n\t\t<figure class=\"wpb_wrapper vc_figure\">\n\t\t\t<div class=\"vc_single_image-wrapper   vc_box_border_grey\"><img loading=\"lazy\" decoding=\"async\" class=\"vc_single_image-img\" src=\"https:\/\/medinadellago.com\/wp-content\/uploads\/2020\/01\/montando-caballo.jpg\" width=\"400\" height=\"600\" alt=\"montando-caballo\" title=\"montando-caballo\" \/><\/div>\n\t\t<\/figure>\n\t<\/div>\n<\/div><\/div><\/div><\/div><\/div><\/div><\/div><div class=\"wpb_column vc_column_container vc_col-sm-6\"><div class=\"vc_column-inner vc_custom_1504079485859\"><div class=\"wpb_wrapper\">\t\t\t<div id=\"wd-5e27ac93e5483\" class=\"wd-text-block-wrapper wd-wpb wd-rs-5e27ac93e5483 color-scheme-dark text-left vc_custom_1579658414371\">\n\t\t\t\t<div class=\"woodmart-title-container woodmart-text-block reset-last-child font-primary wd-font-weight-400\">\n\t\t\t\t\t\u00a1Paseo<br \/>\na <em><strong>Caballo!<\/strong><\/em>\t\t\t\t<\/div>\n\n\t\t\t\t\t\t\t<\/div>\n\t\t\t\t\t<div id=\"wd-5e27ac52c677c\" class=\"wd-text-block-wrapper wd-wpb wd-rs-5e27ac52c677c color-scheme- text-left vc_custom_1579658381996\">\n\t\t\t\t<div class=\"woodmart-title-container woodmart-text-block reset-last-child font-text wd-font-weight-\">\n\t\t\t\t\t<\/p>\n<p align=\"justify\">Por la ma\u00f1ana y con reserva anticipada, una de las actividades m\u00e1s entretenidas ser\u00e1, por ejemplo, tomar paseos a caballo alrededor de la propiedad u organizar un tour al Mercado de Otavalo, considerado uno de los mercados ind\u00edgenas m\u00e1s antiguos de Sur Am\u00e9rica.<\/p>\n<p>\t\t\t\t<\/div>\n\n\t\t\t\t\t\t\t<\/div>\n\t\t<\/div><\/div><\/div><\/div><div class=\"vc_row wpb_row vc_row-fluid vc_custom_1535525857509 vc_row-o-content-middle vc_row-flex row-reverse-mobile\"><div class=\"wpb_column text-right vc_column_container vc_col-sm-6\"><div class=\"vc_column-inner vc_custom_1504079490508\"><div class=\"wpb_wrapper\">\t\t\t<div id=\"wd-5e27d119dbb2c\" class=\"wd-text-block-wrapper wd-wpb wd-rs-5e27d119dbb2c color-scheme-dark text-right vc_custom_1579667771071\">\n\t\t\t\t<div class=\"woodmart-title-container woodmart-text-block reset-last-child font-primary wd-font-weight-400\">\n\t\t\t\t\t<em><strong>Degustaci\u00f3n<\/strong><\/em> de vinos<br \/>\ny chocolates gourmet.\t\t\t\t<\/div>\n\n\t\t\t\t\t\t\t<\/div>\n\t\t\t\t\t<div id=\"wd-5e27d0bfb338a\" class=\"wd-text-block-wrapper wd-wpb wd-rs-5e27d0bfb338a color-scheme- text-right vc_custom_1579667692304\">\n\t\t\t\t<div class=\"woodmart-title-container woodmart-text-block reset-last-child font-text wd-font-weight-\">\n\t\t\t\t\t<\/p>\n<p align=\"justify\">Seg\u00fan temporada, pondremos a su consideraci\u00f3n actividades especiales, como son degustaci\u00f3n de vinos en nuestra cava privada, del mismo modo que degustaci\u00f3n de chocolates con sello de oro internacional.<\/p>\n<p>\t\t\t\t<\/div>\n\n\t\t\t\t\t\t\t<\/div>\n\t\t<\/div><\/div><\/div><div class=\"wpb_column vc_row-reverse-mobile vc_column_container vc_col-sm-6\"><div class=\"vc_column-inner vc_custom_1504079666614\"><div class=\"wpb_wrapper\"><div class=\"vc_row wpb_row vc_inner vc_row-fluid vc_row-o-content-middle vc_row-flex\"><div class=\"wpb_column vc_column_container vc_col-sm-6\"><div class=\"vc_column-inner vc_custom_1502454533190\"><div class=\"wpb_wrapper\">\n\t<div  class=\"wpb_single_image wpb_content_element vc_align_center vc_custom_1579668078791\">\n\t\t\n\t\t<figure class=\"wpb_wrapper vc_figure\">\n\t\t\t<div class=\"vc_single_image-wrapper   vc_box_border_grey\"><img loading=\"lazy\" decoding=\"async\" class=\"vc_single_image-img\" src=\"https:\/\/medinadellago.com\/wp-content\/uploads\/2020\/01\/cava-de-vinos.jpg\" width=\"400\" height=\"600\" alt=\"cava-de-vinos\" title=\"cava-de-vinos\" \/><\/div>\n\t\t<\/figure>\n\t<\/div>\n<\/div><\/div><\/div><div class=\"wpb_column vc_column_container vc_col-sm-6\"><div class=\"vc_column-inner vc_custom_1502454527869\"><div class=\"wpb_wrapper\">\n\t<div  class=\"wpb_single_image wpb_content_element vc_align_center vc_custom_1579668094225\">\n\t\t\n\t\t<figure class=\"wpb_wrapper vc_figure\">\n\t\t\t<div class=\"vc_single_image-wrapper   vc_box_border_grey\"><img loading=\"lazy\" decoding=\"async\" class=\"vc_single_image-img\" src=\"https:\/\/medinadellago.com\/wp-content\/uploads\/2020\/01\/botella-vino.jpg\" width=\"400\" height=\"500\" alt=\"botella-vino\" title=\"botella-vino\" \/><\/div>\n\t\t<\/figure>\n\t<\/div>\n<\/div><\/div><\/div><\/div><\/div><\/div><\/div><\/div><div class=\"vc_row wpb_row vc_row-fluid vc_custom_1504079499615 vc_row-o-content-middle vc_row-flex\"><div class=\"wpb_column vc_column_container vc_col-sm-6\"><div class=\"vc_column-inner vc_custom_1504079673177\"><div class=\"wpb_wrapper\"><div class=\"vc_row wpb_row vc_inner vc_row-fluid vc_row-o-content-middle vc_row-flex\"><div class=\"wpb_column vc_column_container vc_col-sm-6\"><div class=\"vc_column-inner vc_custom_1502454527869\"><div class=\"wpb_wrapper\">\n\t<div  class=\"wpb_single_image wpb_content_element vc_align_center vc_custom_1579668553382\">\n\t\t\n\t\t<figure class=\"wpb_wrapper vc_figure\">\n\t\t\t<div class=\"vc_single_image-wrapper   vc_box_border_grey\"><img loading=\"lazy\" decoding=\"async\" class=\"vc_single_image-img\" src=\"https:\/\/medinadellago.com\/wp-content\/uploads\/2020\/01\/folklore.jpg\" width=\"400\" height=\"500\" alt=\"folklore\" title=\"folklore\" \/><\/div>\n\t\t<\/figure>\n\t<\/div>\n<\/div><\/div><\/div><div class=\"wpb_column vc_column_container vc_col-sm-6\"><div class=\"vc_column-inner vc_custom_1502454533190\"><div class=\"wpb_wrapper\">\n\t<div  class=\"wpb_single_image wpb_content_element vc_align_center vc_custom_1579668566703\">\n\t\t\n\t\t<figure class=\"wpb_wrapper vc_figure\">\n\t\t\t<div class=\"vc_single_image-wrapper   vc_box_border_grey\"><img loading=\"lazy\" decoding=\"async\" class=\"vc_single_image-img\" src=\"https:\/\/medinadellago.com\/wp-content\/uploads\/2020\/01\/fogata.jpg\" width=\"400\" height=\"600\" alt=\"fogata\" title=\"fogata\" \/><\/div>\n\t\t<\/figure>\n\t<\/div>\n<\/div><\/div><\/div><\/div><\/div><\/div><\/div><div class=\"wpb_column vc_column_container vc_col-sm-6\"><div class=\"vc_column-inner vc_custom_1504079485859\"><div class=\"wpb_wrapper\">\t\t\t<div id=\"wd-5e27d2fcb96b4\" class=\"wd-text-block-wrapper wd-wpb wd-rs-5e27d2fcb96b4 color-scheme-dark text-left vc_custom_1579668269857\">\n\t\t\t\t<div class=\"woodmart-title-container woodmart-text-block reset-last-child font-primary wd-font-weight-400\">\n\t\t\t\t\tCaminata en el bosque<br \/>\ny <em><strong>fogata nocturna<\/strong><\/em>\t\t\t\t<\/div>\n\n\t\t\t\t\t\t\t<\/div>\n\t\t\t\t\t<div id=\"wd-5e27d295913f6\" class=\"wd-text-block-wrapper wd-wpb wd-rs-5e27d295913f6 color-scheme- text-left vc_custom_1579668215636\">\n\t\t\t\t<div class=\"woodmart-title-container woodmart-text-block reset-last-child font-text wd-font-weight-\">\n\t\t\t\t\t<\/p>\n<p align=\"justify\">Podr\u00e1, tambi\u00e9n, optar por otras actividades menores que, en su conjunto, construir\u00e1n una gran experiencia como son, la caminata nocturna que se realiza en nuestro bosque privado y donde finalmente podr\u00e1 empezar una aventura llena de leyendas, alrededor de una fogata acompa\u00f1ada de un chocolate caliente y al abrigo del cielo estrellado de San Pablo del Lago; tambi\u00e9n puede optar por mirar el atardecer frente al lago disfrutando de un fondue de chocolate, fresas y vino espumante.<\/p>\n<p>\t\t\t\t<\/div>\n\n\t\t\t\t\t\t\t<\/div>\n\t\t<\/div><\/div><\/div><\/div>\n<\/div>","protected":false},"excerpt":{"rendered":"Actividades \u00a1Paseo a Caballo! Por la ma\u00f1ana y con reserva anticipada, una de las actividades m\u00e1s entretenidas ser\u00e1, por ejemplo,","protected":false},"author":1,"featured_media":0,"parent":0,"menu_order":0,"comment_status":"closed","ping_status":"closed","template":"","meta":{"_joinchat":[],"footnotes":""},"class_list":["post-1359","page","type-page","status-publish","hentry"],"_links":{"self":[{"href":"https:\/\/medinadellago.com\/en\/wp-json\/wp\/v2\/pages\/1359","targetHints":{"allow":["GET"]}}],"collection":[{"href":"https:\/\/medinadellago.com\/en\/wp-json\/wp\/v2\/pages"}],"about":[{"href":"https:\/\/medinadellago.com\/en\/wp-json\/wp\/v2\/types\/page"}],"author":[{"embeddable":true,"href":"https:\/\/medinadellago.com\/en\/wp-json\/wp\/v2\/users\/1"}],"replies":[{"embeddable":true,"href":"https:\/\/medinadellago.com\/en\/wp-json\/wp\/v2\/comments?post=1359"}],"version-history":[{"count":6,"href":"https:\/\/medinadellago.com\/en\/wp-json\/wp\/v2\/pages\/1359\/revisions"}],"predecessor-version":[{"id":1372,"href":"https:\/\/medinadellago.com\/en\/wp-json\/wp\/v2\/pages\/1359\/revisions\/1372"}],"wp:attachment":[{"href":"https:\/\/medinadellago.com\/en\/wp-json\/wp\/v2\/media?parent=1359"}],"curies":[{"name":"wp","href":"https:\/\/api.w.org\/{rel}","templated":true}]}}