{"id":1373,"date":"2020-01-21T23:52:24","date_gmt":"2020-01-22T04:52:24","guid":{"rendered":"https:\/\/medinadellago.com\/actividades-copy\/"},"modified":"2020-01-22T14:42:45","modified_gmt":"2020-01-22T19:42:45","slug":"atractivos","status":"publish","type":"page","link":"https:\/\/medinadellago.com\/en\/atractivos\/","title":{"rendered":"Attractions"},"content":{"rendered":"<div class=\"wpb-content-wrapper\"><div data-vc-full-width=\"true\" data-vc-full-width-init=\"false\" class=\"vc_row wpb_row vc_row-fluid vc_custom_1579669398274 vc_row-has-fill vc_row-o-content-bottom vc_row-flex\"><div class=\"wpb_column vc_column_container vc_col-sm-12\"><div class=\"vc_column-inner\"><div class=\"wpb_wrapper\">\t\t\t<div id=\"wd-5e27d7628fcd6\" class=\"wd-text-block-wrapper wd-wpb wd-rs-5e27d7628fcd6 color-scheme-light text-center vc_custom_1579669355779\">\n\t\t\t\t<div class=\"woodmart-title-container woodmart-text-block reset-last-child font-primary wd-font-weight-\">\n\t\t\t\t\t<\/p>\n<h1 class=\"entry-title\" style=\"text-align: center;\">Atractivos en la Zona<\/h1>\n<p>\t\t\t\t<\/div>\n\n\t\t\t\t\t\t\t<\/div>\n\t\t\t\t\t<div id=\"wd-5e27d85e93b85\" class=\"wd-text-block-wrapper wd-wpb wd-rs-5e27d85e93b85 color-scheme-light text-center vc_custom_1579669635152\">\n\t\t\t\t<div class=\"woodmart-title-container woodmart-text-block reset-last-child font-text wd-font-weight-400\">\n\t\t\t\t\t<\/p>\n<h1 class=\"entry-title\" style=\"text-align: center;\">Podr\u00e1 disfrutar de actividades y atractivos tur\u00edsticos a<br \/>\npocos minutos del Hotel Medina del Lago y sus alrededores<\/h1>\n<p>\t\t\t\t<\/div>\n\n\t\t\t\t\t\t\t<\/div>\n\t\t<\/div><\/div><\/div><\/div><div class=\"vc_row-full-width vc_clearfix\"><\/div><div class=\"vc_row wpb_row vc_row-fluid vc_custom_1504079499615 vc_row-o-content-middle vc_row-flex\"><div class=\"wpb_column vc_column_container vc_col-sm-6\"><div class=\"vc_column-inner vc_custom_1504079673177\"><div class=\"wpb_wrapper\"><div class=\"vc_row wpb_row vc_inner vc_row-fluid vc_row-o-content-middle vc_row-flex\"><div class=\"wpb_column vc_column_container vc_col-sm-6\"><div class=\"vc_column-inner vc_custom_1502454527869\"><div class=\"wpb_wrapper\">\n\t<div  class=\"wpb_single_image wpb_content_element vc_align_center vc_custom_1579670119517\">\n\t\t\n\t\t<figure class=\"wpb_wrapper vc_figure\">\n\t\t\t<div class=\"vc_single_image-wrapper   vc_box_border_grey\"><img loading=\"lazy\" decoding=\"async\" class=\"vc_single_image-img\" src=\"https:\/\/medinadellago.com\/wp-content\/uploads\/2020\/01\/mercado-otavalo2.jpg\" width=\"400\" height=\"500\" alt=\"mercado-otavalo2\" title=\"mercado-otavalo2\" \/><\/div>\n\t\t<\/figure>\n\t<\/div>\n<\/div><\/div><\/div><div class=\"wpb_column vc_column_container vc_col-sm-6\"><div class=\"vc_column-inner vc_custom_1502454533190\"><div class=\"wpb_wrapper\">\n\t<div  class=\"wpb_single_image wpb_content_element vc_align_center vc_custom_1579670135760\">\n\t\t\n\t\t<figure class=\"wpb_wrapper vc_figure\">\n\t\t\t<div class=\"vc_single_image-wrapper   vc_box_border_grey\"><img loading=\"lazy\" decoding=\"async\" class=\"vc_single_image-img\" src=\"https:\/\/medinadellago.com\/wp-content\/uploads\/2020\/01\/mercado-otavalo1.jpg\" width=\"400\" height=\"600\" alt=\"mercado-otavalo1\" title=\"mercado-otavalo1\" \/><\/div>\n\t\t<\/figure>\n\t<\/div>\n<\/div><\/div><\/div><\/div><\/div><\/div><\/div><div class=\"wpb_column vc_column_container vc_col-sm-6\"><div class=\"vc_column-inner vc_custom_1504079485859\"><div class=\"wpb_wrapper\">\t\t\t<div id=\"wd-5e27d8acdebb4\" class=\"wd-text-block-wrapper wd-wpb wd-rs-5e27d8acdebb4 color-scheme-dark text-left vc_custom_1579669699787\">\n\t\t\t\t<div class=\"woodmart-title-container woodmart-text-block reset-last-child font-primary wd-font-weight-400\">\n\t\t\t\t\t<em><strong>Mercado Artesanal<\/strong><\/em><br \/>\ny Feria de Ganado\t\t\t\t<\/div>\n\n\t\t\t\t\t\t\t<\/div>\n\t\t\t\t\t<div id=\"wd-5e27d8ce6567c\" class=\"wd-text-block-wrapper wd-wpb wd-rs-5e27d8ce6567c color-scheme- text-left vc_custom_1579669744937\">\n\t\t\t\t<div class=\"woodmart-title-container woodmart-text-block reset-last-child font-text wd-font-weight-\">\n\t\t\t\t\t<\/p>\n<p align=\"justify\">Es el mercado m\u00e1s famoso de Ecuador. En este lugar podr\u00e1 encontrar ponchos de lana, tapices, utensilios de cocina, zapatos antig\u00fcedades, sombreros de paja toquilla, ropa de cuero, cer\u00e1micas de Cotacachi y muchos m\u00e1s productos de todo el pa\u00eds. Adem\u00e1s dentro de la ciudad de Otavalo, usted podr\u00e1 apreciar la feria de ganado.<\/p>\n<p>\t\t\t\t<\/div>\n\n\t\t\t\t\t\t\t<\/div>\n\t\t<\/div><\/div><\/div><\/div><div class=\"vc_row wpb_row vc_row-fluid vc_custom_1535525857509 vc_row-o-content-middle vc_row-flex row-reverse-mobile\"><div class=\"wpb_column text-right vc_column_container vc_col-sm-6\"><div class=\"vc_column-inner vc_custom_1504079490508\"><div class=\"wpb_wrapper\">\t\t\t<div id=\"wd-5e27da8d9e9fb\" class=\"wd-text-block-wrapper wd-wpb wd-rs-5e27da8d9e9fb color-scheme-dark text-right vc_custom_1579670185881\">\n\t\t\t\t<div class=\"woodmart-title-container woodmart-text-block reset-last-child font-primary wd-font-weight-400\">\n\t\t\t\t\tParque del<br \/>\n<em><strong>C\u00f3ndor<\/strong><\/em>\t\t\t\t<\/div>\n\n\t\t\t\t\t\t\t<\/div>\n\t\t\t\t\t<div id=\"wd-5e27dab308d77\" class=\"wd-text-block-wrapper wd-wpb wd-rs-5e27dab308d77 color-scheme- text-right vc_custom_1579670249109\">\n\t\t\t\t<div class=\"woodmart-title-container woodmart-text-block reset-last-child font-text wd-font-weight-\">\n\t\t\t\t\t<\/p>\n<p align=\"justify\">Situado a s\u00f3lo 15 minutos de Medina del Lago y a cinco minutos de Otavalo; es una organizaci\u00f3n sin fines de lucro, dedicada a la protecci\u00f3n, rescate, rehabilitaci\u00f3n y reinserci\u00f3n de aves a su h\u00e1bitat.<\/p>\n<p align=\"justify\">Muchas de las especies que viven en el parque fueron rescatadas del cautiverio ilegal o entornos inadecuados.<\/p>\n<p>\t\t\t\t<\/div>\n\n\t\t\t\t\t\t\t<\/div>\n\t\t<\/div><\/div><\/div><div class=\"wpb_column vc_row-reverse-mobile vc_column_container vc_col-sm-6\"><div class=\"vc_column-inner vc_custom_1504079666614\"><div class=\"wpb_wrapper\"><div class=\"vc_row wpb_row vc_inner vc_row-fluid vc_row-o-content-middle vc_row-flex\"><div class=\"wpb_column vc_column_container vc_col-sm-6\"><div class=\"vc_column-inner vc_custom_1502454533190\"><div class=\"wpb_wrapper\">\n\t<div  class=\"wpb_single_image wpb_content_element vc_align_center vc_custom_1579670473747\">\n\t\t\n\t\t<figure class=\"wpb_wrapper vc_figure\">\n\t\t\t<div class=\"vc_single_image-wrapper   vc_box_border_grey\"><img loading=\"lazy\" decoding=\"async\" class=\"vc_single_image-img\" src=\"https:\/\/medinadellago.com\/wp-content\/uploads\/2020\/01\/condor.jpg\" width=\"400\" height=\"600\" alt=\"condor\" title=\"condor\" \/><\/div>\n\t\t<\/figure>\n\t<\/div>\n<\/div><\/div><\/div><div class=\"wpb_column vc_column_container vc_col-sm-6\"><div class=\"vc_column-inner vc_custom_1502454527869\"><div class=\"wpb_wrapper\">\n\t<div  class=\"wpb_single_image wpb_content_element vc_align_center vc_custom_1579670461020\">\n\t\t\n\t\t<figure class=\"wpb_wrapper vc_figure\">\n\t\t\t<div class=\"vc_single_image-wrapper   vc_box_border_grey\"><img loading=\"lazy\" decoding=\"async\" class=\"vc_single_image-img\" src=\"https:\/\/medinadellago.com\/wp-content\/uploads\/2020\/01\/condor-parque.jpg\" width=\"400\" height=\"500\" alt=\"condor-parque\" title=\"condor-parque\" \/><\/div>\n\t\t<\/figure>\n\t<\/div>\n<\/div><\/div><\/div><\/div><\/div><\/div><\/div><\/div><div class=\"vc_row wpb_row vc_row-fluid vc_custom_1504079499615 vc_row-o-content-middle vc_row-flex\"><div class=\"wpb_column vc_column_container vc_col-sm-6\"><div class=\"vc_column-inner vc_custom_1504079673177\"><div class=\"wpb_wrapper\"><div class=\"vc_row wpb_row vc_inner vc_row-fluid vc_row-o-content-middle vc_row-flex\"><div class=\"wpb_column vc_column_container vc_col-sm-6\"><div class=\"vc_column-inner vc_custom_1502454527869\"><div class=\"wpb_wrapper\">\n\t<div  class=\"wpb_single_image wpb_content_element vc_align_center vc_custom_1579670809719\">\n\t\t\n\t\t<figure class=\"wpb_wrapper vc_figure\">\n\t\t\t<div class=\"vc_single_image-wrapper   vc_box_border_grey\"><img loading=\"lazy\" decoding=\"async\" class=\"vc_single_image-img\" src=\"https:\/\/medinadellago.com\/wp-content\/uploads\/2020\/01\/peguche2.jpg\" width=\"400\" height=\"500\" alt=\"peguche2\" title=\"peguche2\" \/><\/div>\n\t\t<\/figure>\n\t<\/div>\n<\/div><\/div><\/div><div class=\"wpb_column vc_column_container vc_col-sm-6\"><div class=\"vc_column-inner vc_custom_1502454533190\"><div class=\"wpb_wrapper\">\n\t<div  class=\"wpb_single_image wpb_content_element vc_align_center vc_custom_1579670824017\">\n\t\t\n\t\t<figure class=\"wpb_wrapper vc_figure\">\n\t\t\t<div class=\"vc_single_image-wrapper   vc_box_border_grey\"><img loading=\"lazy\" decoding=\"async\" class=\"vc_single_image-img\" src=\"https:\/\/medinadellago.com\/wp-content\/uploads\/2020\/01\/peguche1.jpg\" width=\"400\" height=\"600\" alt=\"peguche1\" title=\"peguche1\" \/><\/div>\n\t\t<\/figure>\n\t<\/div>\n<\/div><\/div><\/div><\/div><\/div><\/div><\/div><div class=\"wpb_column vc_column_container vc_col-sm-6\"><div class=\"vc_column-inner vc_custom_1504079485859\"><div class=\"wpb_wrapper\">\t\t\t<div id=\"wd-5e27dbd540c89\" class=\"wd-text-block-wrapper wd-wpb wd-rs-5e27dbd540c89 color-scheme-dark text-left vc_custom_1579670509158\">\n\t\t\t\t<div class=\"woodmart-title-container woodmart-text-block reset-last-child font-primary wd-font-weight-400\">\n\t\t\t\t\tCascada de<br \/>\n<em><strong>Peguche<\/strong><\/em>\t\t\t\t<\/div>\n\n\t\t\t\t\t\t\t<\/div>\n\t\t\t\t\t<div id=\"wd-5e27dbf88e080\" class=\"wd-text-block-wrapper wd-wpb wd-rs-5e27dbf88e080 color-scheme- text-left vc_custom_1579670551387\">\n\t\t\t\t<div class=\"woodmart-title-container woodmart-text-block reset-last-child font-text wd-font-weight-\">\n\t\t\t\t\t<\/p>\n<p align=\"justify\">Un hermoso lugar espiritual ind\u00edgena del norte de Ecuador, localizado cerca de Otavalo. Aqu\u00ed podr\u00e1 disfrutar de una hermosa cascada dentro de su paisaje. La comunidad ofrece sus productos y artesan\u00edas propios de la zona.<\/p>\n<p>\t\t\t\t<\/div>\n\n\t\t\t\t\t\t\t<\/div>\n\t\t<\/div><\/div><\/div><\/div><div class=\"vc_row wpb_row vc_row-fluid vc_custom_1535525857509 vc_row-o-content-middle vc_row-flex row-reverse-mobile\"><div class=\"wpb_column text-right vc_column_container vc_col-sm-6\"><div class=\"vc_column-inner vc_custom_1504079490508\"><div class=\"wpb_wrapper\">\t\t\t<div id=\"wd-5e27de263e4c7\" class=\"wd-text-block-wrapper wd-wpb wd-rs-5e27de263e4c7 color-scheme-dark text-right vc_custom_1579671122880\">\n\t\t\t\t<div class=\"woodmart-title-container woodmart-text-block reset-last-child font-primary wd-font-weight-400\">\n\t\t\t\t\tDe compras en<br \/>\n<em><strong>Cotacachi<\/strong><\/em>\t\t\t\t<\/div>\n\n\t\t\t\t\t\t\t<\/div>\n\t\t\t\t\t<div id=\"wd-5e27de5e4a2da\" class=\"wd-text-block-wrapper wd-wpb wd-rs-5e27de5e4a2da color-scheme- text-right vc_custom_1579671147414\">\n\t\t\t\t<div class=\"woodmart-title-container woodmart-text-block reset-last-child font-text wd-font-weight-\">\n\t\t\t\t\t<\/p>\n<p align=\"justify\">Cotacachi, un pueblo multi\u00e9tnico y pluricultural, localizado a 21 minutos de Otavalo; le ofrece una extensa gama de productos finamente elaborados en cuero, tales como chaquetas, carteras, calzado, maleter\u00eda, cinturones, y muchos otros productos.<\/p>\n<p>\t\t\t\t<\/div>\n\n\t\t\t\t\t\t\t<\/div>\n\t\t<\/div><\/div><\/div><div class=\"wpb_column vc_row-reverse-mobile vc_column_container vc_col-sm-6\"><div class=\"vc_column-inner vc_custom_1504079666614\"><div class=\"wpb_wrapper\"><div class=\"vc_row wpb_row vc_inner vc_row-fluid vc_row-o-content-middle vc_row-flex\"><div class=\"wpb_column vc_column_container vc_col-sm-6\"><div class=\"vc_column-inner vc_custom_1502454533190\"><div class=\"wpb_wrapper\">\n\t<div  class=\"wpb_single_image wpb_content_element vc_align_center vc_custom_1579722140492\">\n\t\t\n\t\t<figure class=\"wpb_wrapper vc_figure\">\n\t\t\t<div class=\"vc_single_image-wrapper   vc_box_border_grey\"><img loading=\"lazy\" decoding=\"async\" class=\"vc_single_image-img\" src=\"https:\/\/medinadellago.com\/wp-content\/uploads\/2020\/01\/cotacachi1.jpg\" width=\"400\" height=\"600\" alt=\"cotacachi1\" title=\"cotacachi1\" \/><\/div>\n\t\t<\/figure>\n\t<\/div>\n<\/div><\/div><\/div><div class=\"wpb_column vc_column_container vc_col-sm-6\"><div class=\"vc_column-inner vc_custom_1502454527869\"><div class=\"wpb_wrapper\">\n\t<div  class=\"wpb_single_image wpb_content_element vc_align_center vc_custom_1579722154637\">\n\t\t\n\t\t<figure class=\"wpb_wrapper vc_figure\">\n\t\t\t<div class=\"vc_single_image-wrapper   vc_box_border_grey\"><img loading=\"lazy\" decoding=\"async\" class=\"vc_single_image-img\" src=\"https:\/\/medinadellago.com\/wp-content\/uploads\/2020\/01\/cotacachi2.jpg\" width=\"400\" height=\"500\" alt=\"cotacachi2\" title=\"cotacachi2\" \/><\/div>\n\t\t<\/figure>\n\t<\/div>\n<\/div><\/div><\/div><\/div><\/div><\/div><\/div><\/div><div class=\"vc_row wpb_row vc_row-fluid vc_custom_1504079499615 vc_row-o-content-middle vc_row-flex\"><div class=\"wpb_column vc_column_container vc_col-sm-6\"><div class=\"vc_column-inner vc_custom_1504079673177\"><div class=\"wpb_wrapper\"><div class=\"vc_row wpb_row vc_inner vc_row-fluid vc_row-o-content-middle vc_row-flex\"><div class=\"wpb_column vc_column_container vc_col-sm-6\"><div class=\"vc_column-inner vc_custom_1502454527869\"><div class=\"wpb_wrapper\">\n\t<div  class=\"wpb_single_image wpb_content_element vc_align_center vc_custom_1579714189187\">\n\t\t\n\t\t<figure class=\"wpb_wrapper vc_figure\">\n\t\t\t<div class=\"vc_single_image-wrapper   vc_box_border_grey\"><img loading=\"lazy\" decoding=\"async\" class=\"vc_single_image-img\" src=\"https:\/\/medinadellago.com\/wp-content\/uploads\/2020\/01\/cochasqui2.jpg\" width=\"400\" height=\"500\" alt=\"cochasqui2\" title=\"cochasqui2\" \/><\/div>\n\t\t<\/figure>\n\t<\/div>\n<\/div><\/div><\/div><div class=\"wpb_column vc_column_container vc_col-sm-6\"><div class=\"vc_column-inner vc_custom_1502454533190\"><div class=\"wpb_wrapper\">\n\t<div  class=\"wpb_single_image wpb_content_element vc_align_center vc_custom_1579714209420\">\n\t\t\n\t\t<figure class=\"wpb_wrapper vc_figure\">\n\t\t\t<div class=\"vc_single_image-wrapper   vc_box_border_grey\"><img loading=\"lazy\" decoding=\"async\" class=\"vc_single_image-img\" src=\"https:\/\/medinadellago.com\/wp-content\/uploads\/2020\/01\/cochasqui1.jpg\" width=\"400\" height=\"600\" alt=\"cochasqui1\" title=\"cochasqui1\" \/><\/div>\n\t\t<\/figure>\n\t<\/div>\n<\/div><\/div><\/div><\/div><\/div><\/div><\/div><div class=\"wpb_column vc_column_container vc_col-sm-6\"><div class=\"vc_column-inner vc_custom_1504079485859\"><div class=\"wpb_wrapper\">\t\t\t<div id=\"wd-5e2885d48e7ef\" class=\"wd-text-block-wrapper wd-wpb wd-rs-5e2885d48e7ef color-scheme-dark text-left vc_custom_1579714075942\">\n\t\t\t\t<div class=\"woodmart-title-container woodmart-text-block reset-last-child font-primary wd-font-weight-400\">\n\t\t\t\t\tPir\u00e1mides de<br \/>\n<em><strong>Cochasqu\u00ed<\/strong><\/em>\t\t\t\t<\/div>\n\n\t\t\t\t\t\t\t<\/div>\n\t\t\t\t\t<div id=\"wd-5e288622c182a\" class=\"wd-text-block-wrapper wd-wpb wd-rs-5e288622c182a color-scheme- text-left vc_custom_1579714150926\">\n\t\t\t\t<div class=\"woodmart-title-container woodmart-text-block reset-last-child font-text wd-font-weight-\">\n\t\t\t\t\t<\/p>\n<p align=\"justify\">Es un sitio arqueol\u00f3gico ubicado a 45 minutos de Medina del Lago y una hora de Otavalo. Cuenta con museos arqueol\u00f3gicos etnogr\u00e1ficos y un jard\u00edn bot\u00e1nico, los cuales simbolizan la cultura pre-inca Quitu-Cara. Sus 15 pir\u00e1mides truncadas fueron construidas a base de bloques de cangahua.<\/p>\n<p>\t\t\t\t<\/div>\n\n\t\t\t\t\t\t\t<\/div>\n\t\t<\/div><\/div><\/div><\/div><div class=\"vc_row wpb_row vc_row-fluid vc_custom_1535525857509 vc_row-o-content-middle vc_row-flex row-reverse-mobile\"><div class=\"wpb_column text-right vc_column_container vc_col-sm-6\"><div class=\"vc_column-inner vc_custom_1504079490508\"><div class=\"wpb_wrapper\">\t\t\t<div id=\"wd-5e2886c102d54\" class=\"wd-text-block-wrapper wd-wpb wd-rs-5e2886c102d54 color-scheme-dark text-right vc_custom_1579714262951\">\n\t\t\t\t<div class=\"woodmart-title-container woodmart-text-block reset-last-child font-primary wd-font-weight-400\">\n\t\t\t\t\tLago<br \/>\n<em><strong>San Pablo<\/strong><\/em>\t\t\t\t<\/div>\n\n\t\t\t\t\t\t\t<\/div>\n\t\t\t\t\t<div id=\"wd-5e288707d2c2d\" class=\"wd-text-block-wrapper wd-wpb wd-rs-5e288707d2c2d color-scheme- text-right vc_custom_1579714316848\">\n\t\t\t\t<div class=\"woodmart-title-container woodmart-text-block reset-last-child font-text wd-font-weight-\">\n\t\t\t\t\t<\/p>\n<p align=\"justify\">El m\u00e1s grande de la provincia. Los ind\u00edgenas situados alrededor del lago, en las ma\u00f1anas, suelen salir a pescar en sus canoas de totora. En sus aguas, usted tambi\u00e9n podr\u00e1 disfrutar de actividades acu\u00e1ticas.<\/p>\n<p>\t\t\t\t<\/div>\n\n\t\t\t\t\t\t\t<\/div>\n\t\t<\/div><\/div><\/div><div class=\"wpb_column vc_row-reverse-mobile vc_column_container vc_col-sm-6\"><div class=\"vc_column-inner vc_custom_1504079666614\"><div class=\"wpb_wrapper\"><div class=\"vc_row wpb_row vc_inner vc_row-fluid vc_row-o-content-middle vc_row-flex\"><div class=\"wpb_column vc_column_container vc_col-sm-6\"><div class=\"vc_column-inner vc_custom_1502454533190\"><div class=\"wpb_wrapper\">\n\t<div  class=\"wpb_single_image wpb_content_element vc_align_center vc_custom_1579714482994\">\n\t\t\n\t\t<figure class=\"wpb_wrapper vc_figure\">\n\t\t\t<div class=\"vc_single_image-wrapper   vc_box_border_grey\"><img loading=\"lazy\" decoding=\"async\" class=\"vc_single_image-img\" src=\"https:\/\/medinadellago.com\/wp-content\/uploads\/2020\/01\/san-pablo1.jpg\" width=\"400\" height=\"600\" alt=\"san-pablo1\" title=\"san-pablo1\" \/><\/div>\n\t\t<\/figure>\n\t<\/div>\n<\/div><\/div><\/div><div class=\"wpb_column vc_column_container vc_col-sm-6\"><div class=\"vc_column-inner vc_custom_1502454527869\"><div class=\"wpb_wrapper\">\n\t<div  class=\"wpb_single_image wpb_content_element vc_align_center vc_custom_1579714496035\">\n\t\t\n\t\t<figure class=\"wpb_wrapper vc_figure\">\n\t\t\t<div class=\"vc_single_image-wrapper   vc_box_border_grey\"><img loading=\"lazy\" decoding=\"async\" class=\"vc_single_image-img\" src=\"https:\/\/medinadellago.com\/wp-content\/uploads\/2020\/01\/san-pablo2.jpg\" width=\"400\" height=\"500\" alt=\"san-pablo2\" title=\"san-pablo2\" \/><\/div>\n\t\t<\/figure>\n\t<\/div>\n<\/div><\/div><\/div><\/div><\/div><\/div><\/div><\/div><div class=\"vc_row wpb_row vc_row-fluid vc_custom_1504079499615 vc_row-o-content-middle vc_row-flex\"><div class=\"wpb_column vc_column_container vc_col-sm-6\"><div class=\"vc_column-inner vc_custom_1504079673177\"><div class=\"wpb_wrapper\"><div class=\"vc_row wpb_row vc_inner vc_row-fluid vc_row-o-content-middle vc_row-flex\"><div class=\"wpb_column vc_column_container vc_col-sm-6\"><div class=\"vc_column-inner vc_custom_1502454527869\"><div class=\"wpb_wrapper\">\n\t<div  class=\"wpb_single_image wpb_content_element vc_align_center vc_custom_1579714988556\">\n\t\t\n\t\t<figure class=\"wpb_wrapper vc_figure\">\n\t\t\t<div class=\"vc_single_image-wrapper   vc_box_border_grey\"><img loading=\"lazy\" decoding=\"async\" class=\"vc_single_image-img\" src=\"https:\/\/medinadellago.com\/wp-content\/uploads\/2020\/01\/cuicocha2.jpg\" width=\"400\" height=\"500\" alt=\"cuicocha2\" title=\"cuicocha2\" \/><\/div>\n\t\t<\/figure>\n\t<\/div>\n<\/div><\/div><\/div><div class=\"wpb_column vc_column_container vc_col-sm-6\"><div class=\"vc_column-inner vc_custom_1502454533190\"><div class=\"wpb_wrapper\">\n\t<div  class=\"wpb_single_image wpb_content_element vc_align_center vc_custom_1579715006245\">\n\t\t\n\t\t<figure class=\"wpb_wrapper vc_figure\">\n\t\t\t<div class=\"vc_single_image-wrapper   vc_box_border_grey\"><img loading=\"lazy\" decoding=\"async\" class=\"vc_single_image-img\" src=\"https:\/\/medinadellago.com\/wp-content\/uploads\/2020\/01\/cuicocha1.jpg\" width=\"400\" height=\"600\" alt=\"cuicocha1\" title=\"cuicocha1\" \/><\/div>\n\t\t<\/figure>\n\t<\/div>\n<\/div><\/div><\/div><\/div><\/div><\/div><\/div><div class=\"wpb_column vc_column_container vc_col-sm-6\"><div class=\"vc_column-inner vc_custom_1504079485859\"><div class=\"wpb_wrapper\">\t\t\t<div id=\"wd-5e2887e54a2fe\" class=\"wd-text-block-wrapper wd-wpb wd-rs-5e2887e54a2fe color-scheme-dark text-left vc_custom_1579714544744\">\n\t\t\t\t<div class=\"woodmart-title-container woodmart-text-block reset-last-child font-primary wd-font-weight-400\">\n\t\t\t\t\tLaguna de<br \/>\n<em><strong>Cuicocha<\/strong><\/em>\t\t\t\t<\/div>\n\n\t\t\t\t\t\t\t<\/div>\n\t\t\t\t\t<div id=\"wd-5e2887fc5e297\" class=\"wd-text-block-wrapper wd-wpb wd-rs-5e2887fc5e297 color-scheme- text-left vc_custom_1579714783026\">\n\t\t\t\t<div class=\"woodmart-title-container woodmart-text-block reset-last-child font-text wd-font-weight-\">\n\t\t\t\t\t<\/p>\n<p align=\"justify\">Cuicocha (kichwa: Kuychi Kucha , \u00ablaguna de arco iris\u00bb o Tsuish Kucha, \u00ablaguna de los Dioses\u00bb). La laguna tiene 2 islotes en su interior cuyos nombres son: Teodoro Wolf y Jos\u00e9 Mar\u00eda Yerovi, separados por el \u201cCanal del Ensue\u00f1o\u201d. Estos islotes son el resultado de erupciones del volc\u00e1n Cotacachi, el volc\u00e1n ha permanecido inactivo desde entonces. Las erupciones del Cotacachi, Imbabura, Mojanda y Cayambe han generado un suelo f\u00e9rtil en el valle de Otavalo.<\/p>\n<p>\t\t\t\t<\/div>\n\n\t\t\t\t\t\t\t<\/div>\n\t\t<\/div><\/div><\/div><\/div>\n<\/div>","protected":false},"excerpt":{"rendered":"Atractivos en la Zona Podr\u00e1 disfrutar de actividades y atractivos tur\u00edsticos a pocos minutos del Hotel Medina del Lago y","protected":false},"author":1,"featured_media":0,"parent":0,"menu_order":0,"comment_status":"closed","ping_status":"closed","template":"","meta":{"_joinchat":[],"footnotes":""},"class_list":["post-1373","page","type-page","status-publish","hentry"],"_links":{"self":[{"href":"https:\/\/medinadellago.com\/en\/wp-json\/wp\/v2\/pages\/1373","targetHints":{"allow":["GET"]}}],"collection":[{"href":"https:\/\/medinadellago.com\/en\/wp-json\/wp\/v2\/pages"}],"about":[{"href":"https:\/\/medinadellago.com\/en\/wp-json\/wp\/v2\/types\/page"}],"author":[{"embeddable":true,"href":"https:\/\/medinadellago.com\/en\/wp-json\/wp\/v2\/users\/1"}],"replies":[{"embeddable":true,"href":"https:\/\/medinadellago.com\/en\/wp-json\/wp\/v2\/comments?post=1373"}],"version-history":[{"count":9,"href":"https:\/\/medinadellago.com\/en\/wp-json\/wp\/v2\/pages\/1373\/revisions"}],"predecessor-version":[{"id":1404,"href":"https:\/\/medinadellago.com\/en\/wp-json\/wp\/v2\/pages\/1373\/revisions\/1404"}],"wp:attachment":[{"href":"https:\/\/medinadellago.com\/en\/wp-json\/wp\/v2\/media?parent=1373"}],"curies":[{"name":"wp","href":"https:\/\/api.w.org\/{rel}","templated":true}]}}