{"id":646,"date":"2017-06-26T14:07:05","date_gmt":"2017-06-26T19:07:05","guid":{"rendered":"http:\/\/dummy.xtemos.com\/woodmart\/demos\/?page_id=646"},"modified":"2025-04-24T01:23:35","modified_gmt":"2025-04-24T06:23:35","slug":"contacto","status":"publish","type":"page","link":"https:\/\/medinadellago.com\/en\/contacto\/","title":{"rendered":"Contact Us"},"content":{"rendered":"<div class=\"wpb-content-wrapper\"><div data-vc-full-width=\"true\" data-vc-full-width-init=\"false\" data-vc-stretch-content=\"true\" class=\"vc_row wpb_row vc_row-fluid vc_hidden-sm vc_hidden-xs vc_custom_1566707603872 vc_row-has-fill vc_row-no-padding\"><div class=\"wpb_column vc_column_container vc_col-sm-12\"><div class=\"vc_column-inner\"><div class=\"wpb_wrapper\"><div class=\"vc_row wpb_row vc_inner vc_row-fluid\"><div class=\"wpb_column vc_column_container vc_col-sm-12\"><div class=\"vc_column-inner\"><div class=\"wpb_wrapper\">\n\t<div class=\"wpb_raw_code wpb_raw_html wpb_content_element\" >\n\t\t<div class=\"wpb_wrapper\">\n\t\t\t<iframe src=\"https:\/\/www.google.com\/maps\/embed?pb=!1m14!1m8!1m3!1d3989.795643179587!2d-78.1797233!3d0.1931771!3m2!1i1024!2i768!4f13.1!3m3!1m2!1s0x8e2a116d7193d7d5%3A0x4b1da60630281459!2sHotel%20Medina%20del%20Lago!5e0!3m2!1ses-419!2sec!4v1745475233445!5m2!1ses-419!2sec\" width=\"100%\" height=\"450\" style=\"border:0;\" allowfullscreen=\"\" loading=\"lazy\" referrerpolicy=\"no-referrer-when-downgrade\"><\/iframe>\n\t\t<\/div>\n\t<\/div>\n<\/div><\/div><\/div><\/div><\/div><\/div><\/div><\/div><div class=\"vc_row-full-width vc_clearfix\"><\/div><div class=\"vc_row wpb_row vc_row-fluid vc_hidden-lg vc_hidden-md vc_custom_1566708145148\"><div class=\"wpb_column vc_column_container vc_col-sm-12 vc_col-lg-offset-3 vc_col-lg-6 vc_col-md-offset-3 vc_col-md-6\"><div class=\"vc_column-inner\"><div class=\"wpb_wrapper\"><h5 style=\"font-size: 40px;text-align: center\" class=\"vc_custom_heading vc_do_custom_heading vc_custom_1576729157405\" >Cont\u00e1ctanos<\/h5>\n\t<div class=\"wpb_text_column wpb_content_element vc_custom_1566110422664 text-larger\" >\n\t\t<div class=\"wpb_wrapper\">\n\t\t\t<p>Necesitas m\u00e1s informaci\u00f3n, cont\u00e1ctanos o vis\u00edtanos, estaremos gustosos en asistirte en cualquier necesidad.<\/p>\n\n\t\t<\/div>\n\t<\/div>\n<\/div><\/div><\/div><\/div><div class=\"vc_row wpb_row vc_row-fluid vc_hidden-lg vc_hidden-md vc_custom_1561880067136\"><div class=\"wpb_column vc_column_container vc_col-sm-6 vc_col-lg-3 vc_col-md-3\"><div class=\"vc_column-inner vc_custom_1496929082665\"><div class=\"wpb_wrapper\"><h6 style=\"text-align: left\" class=\"vc_custom_heading vc_do_custom_heading vc_custom_1561876923620\" >DIRECCI\u00d3N<\/h6><div class=\"vc_separator wpb_content_element vc_separator_align_center vc_sep_width_100 vc_sep_pos_align_center vc_separator_no_text vc_custom_1481478904779\" ><span class=\"vc_sep_holder vc_sep_holder_l\"><span style=\"border-color:#eaeaea;\" class=\"vc_sep_line\"><\/span><\/span><span class=\"vc_sep_holder vc_sep_holder_r\"><span style=\"border-color:#eaeaea;\" class=\"vc_sep_line\"><\/span><\/span>\n<\/div><p style=\"text-align: left\" class=\"vc_custom_heading vc_do_custom_heading vc_custom_1576296095142\" >San Pablo del Lago<br \/>\nOtavalo - Ecuador<\/p><\/div><\/div><\/div><div class=\"wpb_column vc_column_container vc_col-sm-6 vc_col-lg-3 vc_col-md-3\"><div class=\"vc_column-inner\"><div class=\"wpb_wrapper\"><h6 style=\"text-align: left\" class=\"vc_custom_heading vc_do_custom_heading vc_custom_1576725267934\" >\u00bfC\u00d3MO LLEGAR?<\/h6><div class=\"vc_separator wpb_content_element vc_separator_align_center vc_sep_width_100 vc_sep_pos_align_center vc_separator_no_text vc_custom_1481478904779\" ><span class=\"vc_sep_holder vc_sep_holder_l\"><span style=\"border-color:#eaeaea;\" class=\"vc_sep_line\"><\/span><\/span><span class=\"vc_sep_holder vc_sep_holder_r\"><span style=\"border-color:#eaeaea;\" class=\"vc_sep_line\"><\/span><\/span>\n<\/div>\t\t\t<div id=\"wd-5dfafa0036ebc\" class=\"wd-text-block-wrapper wd-wpb wd-rs-5dfafa0036ebc color-scheme- text-left\">\n\t\t\t\t<div class=\"woodmart-title-container woodmart-text-block reset-last-child font-primary wd-font-weight-\">\n\t\t\t\t\t<a href=\"https:\/\/www.waze.com\/es-419\/livemap\/directions?utm_campaign=waze_website&amp;utm_source=waze_website&amp;to=ll.0.18560854%2C-78.18961143\" target=\"_blank\" rel=\"noopener noreferrer\"><img decoding=\"async\" class=\"alignnone wp-image-1312 size-full\" role=\"img\" src=\"https:\/\/medinadellago.com\/wp-content\/uploads\/2019\/12\/waze-02.svg\" alt=\"\" width=\"39.7\" height=\"39.7\" \/><\/a>\u00a0 <a href=\"https:\/\/www.google.com\/maps\/place\/Medina+del+Lago\/@0.1887226,-78.1916649,16.25z\/data=!4m8!3m7!1s0x0:0x4b1da60630281459!5m2!4m1!1i2!8m2!3d0.1887393!4d-78.1892172\" target=\"_blank\" rel=\"noopener noreferrer\"><img decoding=\"async\" class=\"alignnone wp-image-1318 size-full\" role=\"img\" src=\"https:\/\/medinadellago.com\/wp-content\/uploads\/2019\/12\/google-maps-03-1.svg\" alt=\"\" width=\"39.7\" height=\"39.7\" \/><\/a>\t\t\t\t<\/div>\n\n\t\t\t\t\t\t\t<\/div>\n\t\t<\/div><\/div><\/div><div class=\"wpb_column vc_column_container vc_col-sm-6 vc_col-lg-3 vc_col-md-3\"><div class=\"vc_column-inner vc_custom_1496929092528\"><div class=\"wpb_wrapper\"><h6 style=\"text-align: left\" class=\"vc_custom_heading vc_do_custom_heading vc_custom_1561876958355\" >TEL\u00c9FONOS<\/h6><div class=\"vc_separator wpb_content_element vc_separator_align_center vc_sep_width_100 vc_sep_pos_align_center vc_separator_no_text vc_custom_1481478904779\" ><span class=\"vc_sep_holder vc_sep_holder_l\"><span style=\"border-color:#eaeaea;\" class=\"vc_sep_line\"><\/span><\/span><span class=\"vc_sep_holder vc_sep_holder_r\"><span style=\"border-color:#eaeaea;\" class=\"vc_sep_line\"><\/span><\/span>\n<\/div><p style=\"text-align: left\" class=\"vc_custom_heading vc_do_custom_heading vc_custom_1576296133534\" >Telf. Hotel: +593 6 301 7243<br \/>\nOficinas Quito: +593 98 622 3459<\/p><\/div><\/div><\/div><div class=\"wpb_column vc_column_container vc_col-sm-6 vc_col-lg-3 vc_col-md-3\"><div class=\"vc_column-inner vc_custom_1496929103695\"><div class=\"wpb_wrapper\"><h6 style=\"text-align: left\" class=\"vc_custom_heading vc_do_custom_heading vc_custom_1483977217943\" >EMAIL<\/h6><div class=\"vc_separator wpb_content_element vc_separator_align_center vc_sep_width_100 vc_sep_pos_align_center vc_separator_no_text vc_custom_1481478904779\" ><span class=\"vc_sep_holder vc_sep_holder_l\"><span style=\"border-color:#eaeaea;\" class=\"vc_sep_line\"><\/span><\/span><span class=\"vc_sep_holder vc_sep_holder_r\"><span style=\"border-color:#eaeaea;\" class=\"vc_sep_line\"><\/span><\/span>\n<\/div><p style=\"text-align: left\" class=\"vc_custom_heading vc_do_custom_heading vc_custom_1576296144185\" >ventas@medinadellago.com<\/p><\/div><\/div><\/div><div class=\"wpb_column vc_column_container vc_col-sm-6 vc_col-lg-3 vc_col-md-3\"><div class=\"vc_column-inner vc_custom_1496929120737\"><div class=\"wpb_wrapper\"><h6 style=\"text-align: left\" class=\"vc_custom_heading vc_do_custom_heading vc_custom_1576296174576\" >RESERVACIONES<\/h6><div class=\"vc_separator wpb_content_element vc_separator_align_center vc_sep_width_100 vc_sep_pos_align_center vc_separator_no_text vc_custom_1481478904779\" ><span class=\"vc_sep_holder vc_sep_holder_l\"><span style=\"border-color:#eaeaea;\" class=\"vc_sep_line\"><\/span><\/span><span class=\"vc_sep_holder vc_sep_holder_r\"><span style=\"border-color:#eaeaea;\" class=\"vc_sep_line\"><\/span><\/span>\n<\/div><p style=\"text-align: left\" class=\"vc_custom_heading vc_do_custom_heading vc_custom_1576296201709\" >Telf.: +593 98 622 3462<\/p><\/div><\/div><\/div><\/div><div data-vc-full-width=\"true\" data-vc-full-width-init=\"false\" data-vc-stretch-content=\"true\" class=\"vc_row wpb_row vc_row-fluid vc_hidden-lg vc_hidden-md vc_row-no-padding wd-rs-6809d8ddafef6\"><div class=\"wpb_column vc_column_container vc_col-sm-12\"><div class=\"vc_column-inner\"><div class=\"wpb_wrapper\">\n\t<div class=\"wpb_raw_code wpb_raw_html wpb_content_element\" >\n\t\t<div class=\"wpb_wrapper\">\n\t\t\t<iframe src=\"https:\/\/www.google.com\/maps\/embed?pb=!1m14!1m8!1m3!1d3989.795643179587!2d-78.1797233!3d0.1931771!3m2!1i1024!2i768!4f13.1!3m3!1m2!1s0x8e2a116d7193d7d5%3A0x4b1da60630281459!2sHotel%20Medina%20del%20Lago!5e0!3m2!1ses-419!2sec!4v1745475233445!5m2!1ses-419!2sec\" width=\"100%\" height=\"450\" style=\"border:0;\" allowfullscreen=\"\" loading=\"lazy\" referrerpolicy=\"no-referrer-when-downgrade\"><\/iframe>\n\t\t<\/div>\n\t<\/div>\n<\/div><\/div><\/div><\/div><div class=\"vc_row-full-width vc_clearfix\"><\/div><div id=\"nosotros\" class=\"vc_row wpb_row vc_row-fluid vc_custom_1561882330808 vc_row-o-equal-height vc_row-flex\"><div class=\"wpb_column vc_column_container vc_col-sm-12 vc_col-lg-6 vc_col-md-6 vc_col-has-fill\"><div class=\"vc_column-inner vc_custom_1496927710186\"><div class=\"wpb_wrapper\">\n\t\t<div id=\"wd-5df45d0f7953f\" class=\"title-wrapper wd-wpb wd-set-mb reset-last-child  wd-rs-5df45d0f7953f wd-title-color-default wd-title-style-default text-left  wd-underline-colored\">\n\t\t\t\t\t\t\t\n\t\t\t\t<div class=\"title-subtitle  subtitle-color-default font-default subtitle-style-default wd-font-weight- wd-fontsize-xs\">NOSOTROS<\/div>\n\t\t\t\n\t\t\t<div class=\"liner-continer\">\n\t\t\t\t<h4 class=\"woodmart-title-container title  wd-font-weight- wd-fontsize-l\" >Responsabilidad Social<\/h4>\n\t\t\t\t\t\t\t<\/div>\n\t\t\t\n\t\t\t\n\t\t\t\n\t\t<\/div>\n\t\t\n\t\t\n\t<div class=\"wpb_text_column wpb_content_element\" >\n\t\t<div class=\"wpb_wrapper\">\n\t\t\t<p align=\"justify\">Medina del Lago inici\u00f3 su operaci\u00f3n en Abril del 2016 con el prop\u00f3sito de ofrecer al hu\u00e9sped una nueva experiencia de hospitalidad y servicio personalizado, cumpliendo los m\u00e1s altos est\u00e1ndares de calidad y, comprometidos con una Pol\u00edtica de Responsabilidad Social Empresarial.<\/p>\n<p align=\"justify\">Hotel Casa Medina S.A. \u00abMedina del Lago\u00bb, cumple con todo lo establecido en el C\u00f3digo del Trabajo, adem\u00e1s dispone de un Reglamento Interno y Pol\u00edticas que permiten velar por el bienestar y seguridad de su personal, garantizando la operaci\u00f3n de la empresa.<\/p>\n<p align=\"justify\">Con la finalidad de que la Pol\u00edtica Empresarial de Hotel Casa Medina S.A. \u00abMedina del Lago\u00bb, sea llevada a cabo de manera eficaz, la gerencia de la empresa est\u00e1 en permanente capacitaci\u00f3n y concientizaci\u00f3n del personal a fin de que las disposiciones contenidas en las diferentes leyes, regulaciones y procedimientos operativos sean observados y ejecutados en el desarrollo diario de la operaci\u00f3n.<\/p>\n\n\t\t<\/div>\n\t<\/div>\n<div id=\"wd-5df45f6c34904\" class=\"wd-rs-5df45f6c34904  wd-button-wrapper text-center\"><a href=\"https:\/\/medinadellago.com\/wp-content\/uploads\/2019\/12\/POLITICA-EMPRESARIAL-MEDINA-DEL-LAGO.pdf\" title=\"\" target=\"_blank\" class=\"btn btn-color-primary btn-style-default btn-shape-semi-round btn-size-extra-small\">Ver m\u00e1s<\/a><\/div><\/div><\/div><\/div><div class=\"wpb_column vc_column_container vc_col-sm-12 vc_col-lg-6 vc_col-md-6\" id=\"mensaje\"><div class=\"vc_column-inner vc_custom_1561882795018\"><div class=\"wpb_wrapper\">\n\t\t<div id=\"wd-5d620f1e0f2da\" class=\"title-wrapper wd-wpb wd-set-mb reset-last-child  wd-rs-5d620f1e0f2da wd-title-color-default wd-title-style-default text-left  wd-underline-colored\">\n\t\t\t\t\t\t\t\n\t\t\t\t<div class=\"title-subtitle  subtitle-color-default font-default subtitle-style-default wd-font-weight- wd-fontsize-xs\">CONT\u00c1CTANOS<\/div>\n\t\t\t\n\t\t\t<div class=\"liner-continer\">\n\t\t\t\t<h4 class=\"woodmart-title-container title  wd-font-weight- wd-fontsize-l\" >Enviar un Mensaje<\/h4>\n\t\t\t\t\t\t\t<\/div>\n\t\t\t\n\t\t\t\n\t\t\t\n\t\t<\/div>\n\t\t\n\t\t\t\t\t<div class=\"info-box-wrapper\">\n\t\t\t\t<div id=\"wd-6809d7ad8ee79\" class=\"wd-rs-6809d7ad8ee79 wd-info-box wd-wpb text-left box-icon-align-left box-style- color-scheme- wd-bg-none wd-items-top vc_custom_1745475511070\">\n\t\t\t\t\t\t\t\t\t\t<div class=\"info-box-content\">\n\t\t\t\t\t\t<h4 class=\"info-box-title title box-title-style-default wd-fontsize-m\">CONT\u00c1CTANOS<\/h4>\t\t\t\t\t\t<div class=\"info-box-inner reset-last-child\"><\/p>\n<div style=\"line-height: 2;\"><i class=\"fa fa-location-arrow\" style=\"width: 15px; text-align: center; margin-right: 4px; color: #676767;\"><\/i>San Pablo del Lago<br \/>\n<i class=\"fa fa-globe\" style=\"width: 15px; text-align: center; margin-right: 4px; color: #676767;\"><\/i>Otavalo<br \/>\n<i class=\"fa fa-phone-square\" style=\"width: 15px; text-align: center; margin-right: 4px; color: #676767;\"><\/i>Telf. Hotel: <a href=\"tel:+59363017243\">+593 6 301 7243<\/a><br \/>\n<i class=\"fa fa-phone\" style=\"width: 15px; text-align: center; margin-right: 4px; color: #676767;\"><\/i> Oficinas Quito: <a href=\"tel:+593986223459\">+593 98 622 3459<\/a><br \/>\n<i class=\"fa fa-envelope-o\" style=\"width: 15px; text-align: center; margin-right: 4px; color: #676767;\"><\/i> <a href=\"mailto:ventas@medinadellago.com\">ventas@medinadellago.com<\/a><\/div>\n<div><strong>C\u00f3mo Llegar:<\/strong> <a href=\"https:\/\/www.waze.com\/es-419\/livemap\/directions?utm_campaign=waze_website&amp;utm_source=waze_website&amp;to=ll.0.18560854%2C-78.18961143\" target=\"_blank\" rel=\"noopener noreferrer\"><img decoding=\"async\" class=\"alignnone wp-image-1312 size-full\" role=\"img\" src=\"https:\/\/medinadellago.com\/wp-content\/uploads\/2019\/12\/waze-02.svg\" alt=\"\" width=\"39.7\" height=\"39.7\" \/><\/a> <a href=\"https:\/\/www.google.com\/maps\/place\/Medina+del+Lago\/@0.1931771,-78.1797233,17z\/data=!4m18!1m9!3m8!1s0x8e2a11b13345aa15:0xad8fd854aae90dbd!2sMedina+del+Lago!5m2!4m1!1i2!8m2!3d0.1933084!4d-78.1779683!3m7!1s0x8e2a11b13345aa15:0xad8fd854aae90dbd!5m2!4m1!1i2!8m2!3d0.1933084!4d-78.1779683\" target=\"_blank\" rel=\"noopener noreferrer\"><img decoding=\"async\" class=\"alignnone wp-image-1318 size-full\" role=\"img\" src=\"https:\/\/medinadellago.com\/wp-content\/uploads\/2019\/12\/google-maps-03-1.svg\" alt=\"\" width=\"39.7\" height=\"39.7\" \/><\/a><\/div>\n<p>\n<\/div>\n\n\t\t\t\t\t\t\t\t\t\t\t<\/div>\n\n\t\t\t\t\t\n\t\t\t\t\t\t\t\t\t<\/div>\n\t\t\t<\/div>\n\t\t<\/div><\/div><\/div><\/div><div class=\"vc_row wpb_row vc_row-fluid vc_custom_1564385185016\"><div class=\"wpb_column vc_column_container vc_col-sm-12\"><div class=\"vc_column-inner\"><div class=\"wpb_wrapper\"><div class=\"vc_separator wpb_content_element vc_separator_align_center vc_sep_width_100 vc_sep_pos_align_center vc_separator_no_text vc_sep_color_grey\" ><span class=\"vc_sep_holder vc_sep_holder_l\"><span class=\"vc_sep_line\"><\/span><\/span><span class=\"vc_sep_holder vc_sep_holder_r\"><span class=\"vc_sep_line\"><\/span><\/span>\n<\/div><\/div><\/div><\/div><\/div>\n<\/div>","protected":false},"excerpt":{"rendered":"Cont\u00e1ctanos Necesitas m\u00e1s informaci\u00f3n, cont\u00e1ctanos o vis\u00edtanos, estaremos gustosos en asistirte en cualquier necesidad. DIRECCI\u00d3N San Pablo del Lago Otavalo","protected":false},"author":1,"featured_media":0,"parent":0,"menu_order":0,"comment_status":"closed","ping_status":"closed","template":"","meta":{"_joinchat":[],"footnotes":""},"class_list":["post-646","page","type-page","status-publish","hentry"],"_links":{"self":[{"href":"https:\/\/medinadellago.com\/en\/wp-json\/wp\/v2\/pages\/646","targetHints":{"allow":["GET"]}}],"collection":[{"href":"https:\/\/medinadellago.com\/en\/wp-json\/wp\/v2\/pages"}],"about":[{"href":"https:\/\/medinadellago.com\/en\/wp-json\/wp\/v2\/types\/page"}],"author":[{"embeddable":true,"href":"https:\/\/medinadellago.com\/en\/wp-json\/wp\/v2\/users\/1"}],"replies":[{"embeddable":true,"href":"https:\/\/medinadellago.com\/en\/wp-json\/wp\/v2\/comments?post=646"}],"version-history":[{"count":36,"href":"https:\/\/medinadellago.com\/en\/wp-json\/wp\/v2\/pages\/646\/revisions"}],"predecessor-version":[{"id":1474,"href":"https:\/\/medinadellago.com\/en\/wp-json\/wp\/v2\/pages\/646\/revisions\/1474"}],"wp:attachment":[{"href":"https:\/\/medinadellago.com\/en\/wp-json\/wp\/v2\/media?parent=646"}],"curies":[{"name":"wp","href":"https:\/\/api.w.org\/{rel}","templated":true}]}}