{"id":937,"date":"2019-12-07T22:25:35","date_gmt":"2019-12-08T03:25:35","guid":{"rendered":"https:\/\/medinadellago.com\/?page_id=937"},"modified":"2025-09-23T14:50:40","modified_gmt":"2025-09-23T19:50:40","slug":"habitacion-doble","status":"publish","type":"page","link":"https:\/\/medinadellago.com\/en\/habitacion-doble\/","title":{"rendered":"Double Room"},"content":{"rendered":"<div class=\"wpb-content-wrapper\"><div class=\"vc_row wpb_row vc_row-fluid vc_custom_1575848659219 vc_row-o-equal-height vc_row-o-content-top vc_row-flex row-reverse-mobile\"><div class=\"wpb_column vc_column_container vc_col-sm-12 vc_col-lg-8 vc_col-md-8\"><div class=\"vc_column-inner\"><div class=\"wpb_wrapper\">\n\t<div  class=\"wpb_single_image wpb_content_element vc_align_center\">\n\t\t\n\t\t<figure class=\"wpb_wrapper vc_figure\">\n\t\t\t<div class=\"vc_single_image-wrapper   vc_box_border_grey\"><img fetchpriority=\"high\" decoding=\"async\" width=\"2000\" height=\"1335\" src=\"https:\/\/medinadellago.com\/wp-content\/uploads\/2019\/12\/hab-doble1.jpg\" class=\"vc_single_image-img attachment-full\" alt=\"\" title=\"hab-doble1\" srcset=\"https:\/\/medinadellago.com\/wp-content\/uploads\/2019\/12\/hab-doble1.jpg 2000w, https:\/\/medinadellago.com\/wp-content\/uploads\/2019\/12\/hab-doble1-300x200.jpg 300w, https:\/\/medinadellago.com\/wp-content\/uploads\/2019\/12\/hab-doble1-1024x684.jpg 1024w, https:\/\/medinadellago.com\/wp-content\/uploads\/2019\/12\/hab-doble1-768x513.jpg 768w, https:\/\/medinadellago.com\/wp-content\/uploads\/2019\/12\/hab-doble1-1536x1025.jpg 1536w, https:\/\/medinadellago.com\/wp-content\/uploads\/2019\/12\/hab-doble1-1200x801.jpg 1200w\" sizes=\"(max-width: 2000px) 100vw, 2000px\" \/><\/div>\n\t\t<\/figure>\n\t<\/div>\n\n\t<div  class=\"wpb_single_image wpb_content_element vc_align_center\">\n\t\t\n\t\t<figure class=\"wpb_wrapper vc_figure\">\n\t\t\t<div class=\"vc_single_image-wrapper   vc_box_border_grey\"><img decoding=\"async\" width=\"2000\" height=\"1335\" src=\"https:\/\/medinadellago.com\/wp-content\/uploads\/2019\/12\/hab-doble3.jpg\" class=\"vc_single_image-img attachment-full\" alt=\"\" title=\"hab-doble3\" srcset=\"https:\/\/medinadellago.com\/wp-content\/uploads\/2019\/12\/hab-doble3.jpg 2000w, https:\/\/medinadellago.com\/wp-content\/uploads\/2019\/12\/hab-doble3-300x200.jpg 300w, https:\/\/medinadellago.com\/wp-content\/uploads\/2019\/12\/hab-doble3-1024x684.jpg 1024w, https:\/\/medinadellago.com\/wp-content\/uploads\/2019\/12\/hab-doble3-768x513.jpg 768w, https:\/\/medinadellago.com\/wp-content\/uploads\/2019\/12\/hab-doble3-1536x1025.jpg 1536w, https:\/\/medinadellago.com\/wp-content\/uploads\/2019\/12\/hab-doble3-1200x801.jpg 1200w\" sizes=\"(max-width: 2000px) 100vw, 2000px\" \/><\/div>\n\t\t<\/figure>\n\t<\/div>\n\n\t<div  class=\"wpb_single_image wpb_content_element vc_align_center\">\n\t\t\n\t\t<figure class=\"wpb_wrapper vc_figure\">\n\t\t\t<div class=\"vc_single_image-wrapper   vc_box_border_grey\"><img decoding=\"async\" width=\"2000\" height=\"1335\" src=\"https:\/\/medinadellago.com\/wp-content\/uploads\/2019\/12\/hab-banio-general.jpg\" class=\"vc_single_image-img attachment-full\" alt=\"\" title=\"hab-banio-general\" srcset=\"https:\/\/medinadellago.com\/wp-content\/uploads\/2019\/12\/hab-banio-general.jpg 2000w, https:\/\/medinadellago.com\/wp-content\/uploads\/2019\/12\/hab-banio-general-300x200.jpg 300w, https:\/\/medinadellago.com\/wp-content\/uploads\/2019\/12\/hab-banio-general-1024x684.jpg 1024w, https:\/\/medinadellago.com\/wp-content\/uploads\/2019\/12\/hab-banio-general-768x513.jpg 768w, https:\/\/medinadellago.com\/wp-content\/uploads\/2019\/12\/hab-banio-general-1536x1025.jpg 1536w, https:\/\/medinadellago.com\/wp-content\/uploads\/2019\/12\/hab-banio-general-1200x801.jpg 1200w\" sizes=\"(max-width: 2000px) 100vw, 2000px\" \/><\/div>\n\t\t<\/figure>\n\t<\/div>\n<div class=\"vc_tta-container\" data-vc-action=\"collapseAll\"><div class=\"vc_general vc_tta vc_tta-accordion vc_tta-color-white vc_tta-style-modern vc_tta-shape-rounded vc_tta-o-shape-group vc_tta-controls-align-default vc_tta-o-no-fill vc_tta-o-all-clickable\"><div class=\"vc_tta-panels-container\"><div class=\"vc_tta-panels\"><div class=\"vc_tta-panel vc_active\" id=\"1575781642493-c126c79b-8803\" data-vc-content=\".vc_tta-panel-body\"><div class=\"vc_tta-panel-heading\"><h4 class=\"vc_tta-panel-title vc_tta-controls-icon-position-left\"><a href=\"#1575781642493-c126c79b-8803\" data-vc-accordion data-vc-container=\".vc_tta-container\"><span class=\"vc_tta-title-text\">Description<\/span><i class=\"vc_tta-controls-icon vc_tta-controls-icon-chevron\"><\/i><\/a><\/h4><\/div><div class=\"vc_tta-panel-body\">\n\t<div class=\"wpb_text_column wpb_content_element\" >\n\t\t<div class=\"wpb_wrapper\">\n\t\t\t<p>Enjoy breathtaking views of Lake San Pablo and the majestic Imbabura Volcano right from your room. Step inside and immerse yourself in the beauty of local textiles and captivating artworks by Ecuadorian artists.\n\nEvery detail has been thoughtfully designed to ensure an exceptional stay. Each room features high-speed internet access and a wide selection of international TV channels for your comfort and entertainment.\n\nFor added convenience, adjoining rooms are available, with the option to connect to a Junior Suite.\n\nUnwind in a plush Queen-size bed with a premium 400-thread-count linen set, and feel the natural harmony of the bamboo flooring beneath your feet. The elegant bathroom includes a rainfall shower, offering a relaxing escape enhanced by the essence of natural aromas.<\/p>\n\n\t\t<\/div>\n\t<\/div>\n<\/div><\/div><div class=\"vc_tta-panel\" id=\"1575781677335-32225ad8-a863\" data-vc-content=\".vc_tta-panel-body\"><div class=\"vc_tta-panel-heading\"><h4 class=\"vc_tta-panel-title vc_tta-controls-icon-position-left\"><a href=\"#1575781677335-32225ad8-a863\" data-vc-accordion data-vc-container=\".vc_tta-container\"><span class=\"vc_tta-title-text\">Hotel Policies<\/span><i class=\"vc_tta-controls-icon vc_tta-controls-icon-chevron\"><\/i><\/a><\/h4><\/div><div class=\"vc_tta-panel-body\">\n\t<div class=\"wpb_text_column wpb_content_element\" >\n\t\t<div class=\"wpb_wrapper\">\n\t\t\t<p><a href=\"https:\/\/medinadellago.com\/wp-content\/uploads\/2025\/07\/POLITICAS-HOTEL-MEDINA-DEL-LAGO.pdf\" target=\"_blank\" rel=\"noopener\">Click to download the hotel policies<\/a><\/p>\n\n\t\t<\/div>\n\t<\/div>\n<\/div><\/div><\/div><\/div><\/div><\/div><\/div><\/div><\/div><div class=\"wpb_column vc_column_container vc_col-sm-12 vc_col-lg-4 vc_col-md-4 woodmart-sticky-column wd_sticky_offset_150\"><div class=\"vc_column-inner vc_custom_1494491003828\"><div class=\"wpb_wrapper\"><h4 style=\"font-size: 28px;text-align: left\" class=\"vc_custom_heading vc_do_custom_heading\" >Ideal for families and friends<\/h4>\n\t<div class=\"wpb_text_column wpb_content_element vc_custom_1575874725146\" >\n\t\t<div class=\"wpb_wrapper\">\n\t\t\t<p>Enjoy the views of Lake San Pablo and the Imbabura Volcano from your room.<\/p>\n\n\t\t<\/div>\n\t<\/div>\n\n\t<div class=\"wpb_text_column wpb_content_element\" >\n\t\t<div class=\"wpb_wrapper\">\n\t\t\t<table>\n<tbody>\n<tr>\n<th>Room Size<\/th>\n<td style=\"text-align: right;\">40m\u00b2<\/td>\n<\/tr>\n<tr>\n<th>Beds<\/th>\n<td style=\"text-align: right;\">2 Queen Size<\/td>\n<\/tr>\n<\/tbody>\n<\/table>\n\n\t\t<\/div>\n\t<\/div>\n<div class=\"vc_empty_space\"   style=\"height: 5px\"><span class=\"vc_empty_space_inner\"><\/span><\/div><div class=\"vc_row wpb_row vc_inner vc_row-fluid vc_row-o-equal-height vc_row-o-content-middle vc_row-flex row-reverse-mobile\"><div class=\"wpb_column vc_column_container vc_col-sm-6\"><div class=\"vc_column-inner\"><div class=\"wpb_wrapper\"><div id=\"wd-68d2f49bcd1c6\" class=\"wd-rs-68d2f49bcd1c6  wd-button-wrapper text-center\"><a href=\"https:\/\/engine.lobbypms.com\/hotel-medina-del-lago\" title=\"\" class=\"btn btn-color-primary btn-style-default btn-shape-semi-round btn-size-extra-large\">BOK NOW<\/a><\/div><\/div><\/div><\/div><div class=\"wpb_column vc_column_container vc_col-sm-6 vc_hidden-sm vc_hidden-xs\"><div class=\"vc_column-inner\"><div class=\"wpb_wrapper\">\t\t<div id=\"gallery_562\" class=\"wd-images-gallery wd-wpb wd-rs-68800fb900f9b\" style=\"--wd-justify-content:center;--wd-align-items:center;\">\n\t\t\t\n\t\t\t<div class=\"wd-grid-g\" style=\"--wd-col-lg:1;--wd-col-md:1;--wd-col-sm:1;--wd-gap-lg:0px;\">\n\t\t\t\t\n\t\t\t\t\t\t\t\t\t\t\t\t\t\t\t<div class=\"wd-gallery-item wd-col\">\n\t\t\t\t\t\t\t\n\t\t\t\t\t\t\t\t<img loading=\"lazy\" decoding=\"async\" width=\"515\" height=\"103\" src=\"https:\/\/medinadellago.com\/wp-content\/uploads\/2025\/07\/servicios-05.svg\" class=\"wd-gallery-image image-1\" alt=\"\" \/>\n\t\t\t\t\t\t\t\t\t\t\t\t\t\t<\/div>\n\t\t\t\t\t\t\t\t\t\n\t\t\t\t\t\t\t<\/div>\n\n\t\t\t\t\t<\/div>\n\t\t<\/div><\/div><\/div><div class=\"wpb_column vc_column_container vc_col-sm-6 vc_hidden-lg vc_hidden-md\"><div class=\"vc_column-inner vc_custom_1575914731796\"><div class=\"wpb_wrapper\">\t\t<div id=\"gallery_907\" class=\"wd-images-gallery wd-wpb\" style=\"--wd-justify-content:center;--wd-align-items:center;\">\n\t\t\t\n\t\t\t<div class=\"wd-grid-g\" style=\"--wd-col-lg:1;--wd-col-md:1;--wd-col-sm:1;--wd-gap-lg:0px;\">\n\t\t\t\t\n\t\t\t\t\t\t\t\t\t\t\t\t\t\t\t<div class=\"wd-gallery-item wd-col\">\n\t\t\t\t\t\t\t\n\t\t\t\t\t\t\t\t<img loading=\"lazy\" decoding=\"async\" width=\"644\" height=\"103\" src=\"https:\/\/medinadellago.com\/wp-content\/uploads\/2019\/12\/servicios-05.svg\" class=\"wd-gallery-image image-1\" alt=\"\" \/>\n\t\t\t\t\t\t\t\t\t\t\t\t\t\t<\/div>\n\t\t\t\t\t\t\t\t\t\n\t\t\t\t\t\t\t<\/div>\n\n\t\t\t\t\t<\/div>\n\t\t<div class=\"vc_empty_space\"   style=\"height: 25px\"><span class=\"vc_empty_space_inner\"><\/span><\/div><\/div><\/div><\/div><\/div><\/div><\/div><\/div><\/div><div class=\"vc_row wpb_row vc_row-fluid\"><div class=\"wpb_column vc_column_container vc_col-sm-12\"><div class=\"vc_column-inner\"><div class=\"wpb_wrapper\"><div class=\"vc_separator wpb_content_element vc_separator_align_center vc_sep_width_100 vc_sep_pos_align_center vc_separator_no_text vc_sep_color_grey\" ><span class=\"vc_sep_holder vc_sep_holder_l\"><span class=\"vc_sep_line\"><\/span><\/span><span class=\"vc_sep_holder vc_sep_holder_r\"><span class=\"vc_sep_line\"><\/span><\/span>\n<\/div><h4 style=\"font-size: 25px;text-align: left\" class=\"vc_custom_heading vc_do_custom_heading\" >More Rooms<\/h4>\t\t\t<div id=\"carousel-789\" class=\"wd-carousel-container info-box-carousel-wrapper wd-wpb   wd-rs-69ea648a72a1b\">\n\t\t\t\t<div class=\"wd-carousel-inner\">\n\t\t\t\t\t<div class=\"wd-carousel wd-grid info-box-carousel\" data-scroll_per_page=\"yes\" style=\"--wd-col-lg:4;--wd-col-md:4;--wd-col-sm:1;--wd-gap-lg:20px;--wd-gap-sm:10px;\">\n\t\t\t\t\t\t<div class=\"wd-carousel-wrap\">\n\t\t\t\t\t\t\t\t\t\t<div class=\"info-box-wrapper wd-carousel-item\">\n\t\t\t\t<div id=\"wd-5deeddf0aa07a\" class=\"wd-rs-5deeddf0aa07a wd-info-box wd-wpb text-center box-icon-align-top box-style- color-scheme- wd-bg-none\">\n\t\t\t\t\t\t\t\t\t\t\t<div class=\"box-icon-wrapper  box-with-icon box-icon-simple\">\n\t\t\t\t\t\t\t<div class=\"info-box-icon\">\n\n\t\t\t\t\t\t\t\n\t\t\t\t\t\t\t\t\t\t\t\t\t\t\t\t\t<img loading=\"lazy\" decoding=\"async\" width=\"2000\" height=\"1335\" src=\"https:\/\/medinadellago.com\/wp-content\/uploads\/2019\/12\/hab-estandar1-2.jpg\" class=\"attachment-full size-full\" alt=\"\" srcset=\"https:\/\/medinadellago.com\/wp-content\/uploads\/2019\/12\/hab-estandar1-2.jpg 2000w, https:\/\/medinadellago.com\/wp-content\/uploads\/2019\/12\/hab-estandar1-2-300x200.jpg 300w, https:\/\/medinadellago.com\/wp-content\/uploads\/2019\/12\/hab-estandar1-2-1024x684.jpg 1024w, https:\/\/medinadellago.com\/wp-content\/uploads\/2019\/12\/hab-estandar1-2-768x513.jpg 768w, https:\/\/medinadellago.com\/wp-content\/uploads\/2019\/12\/hab-estandar1-2-1536x1025.jpg 1536w, https:\/\/medinadellago.com\/wp-content\/uploads\/2019\/12\/hab-estandar1-2-1200x801.jpg 1200w\" sizes=\"(max-width: 2000px) 100vw, 2000px\" \/>\t\t\t\t\t\t\t\t\t\t\t\t\t\t\t\n\t\t\t\t\t\t\t<\/div>\n\t\t\t\t\t\t<\/div>\n\t\t\t\t\t\t\t\t\t\t<div class=\"info-box-content\">\n\t\t\t\t\t\t<h4 class=\"info-box-title title box-title-style-default wd-fontsize-s\">Single Room<\/h4>\t\t\t\t\t\t<div class=\"info-box-inner reset-last-child\"><\/div>\n\n\t\t\t\t\t\t\t\t\t\t\t<\/div>\n\n\t\t\t\t\t\t\t\t\t\t\t<a class=\"wd-info-box-link wd-fill\" aria-label=\"Infobox link\" href=\"https:\/\/medinadellago.com\/en\/habitacion-estandar\/\" title=\"Single Room\"><\/a>\n\t\t\t\t\t\n\t\t\t\t\t\t\t\t\t<\/div>\n\t\t\t<\/div>\n\t\t\t\t\t<div class=\"info-box-wrapper wd-carousel-item\">\n\t\t\t\t<div id=\"wd-5deede375c3c4\" class=\"wd-rs-5deede375c3c4 wd-info-box wd-wpb text-center box-icon-align-top box-style- color-scheme- wd-bg-none\">\n\t\t\t\t\t\t\t\t\t\t\t<div class=\"box-icon-wrapper  box-with-icon box-icon-simple\">\n\t\t\t\t\t\t\t<div class=\"info-box-icon\">\n\n\t\t\t\t\t\t\t\n\t\t\t\t\t\t\t\t\t\t\t\t\t\t\t\t\t<img loading=\"lazy\" decoding=\"async\" width=\"1000\" height=\"667\" src=\"https:\/\/medinadellago.com\/wp-content\/uploads\/2019\/12\/hab-junior1.jpg\" class=\"attachment-full size-full\" alt=\"\" srcset=\"https:\/\/medinadellago.com\/wp-content\/uploads\/2019\/12\/hab-junior1.jpg 1000w, https:\/\/medinadellago.com\/wp-content\/uploads\/2019\/12\/hab-junior1-300x200.jpg 300w, https:\/\/medinadellago.com\/wp-content\/uploads\/2019\/12\/hab-junior1-768x512.jpg 768w\" sizes=\"(max-width: 1000px) 100vw, 1000px\" \/>\t\t\t\t\t\t\t\t\t\t\t\t\t\t\t\n\t\t\t\t\t\t\t<\/div>\n\t\t\t\t\t\t<\/div>\n\t\t\t\t\t\t\t\t\t\t<div class=\"info-box-content\">\n\t\t\t\t\t\t<h4 class=\"info-box-title title box-title-style-default wd-fontsize-s\">Junior Suite<\/h4>\t\t\t\t\t\t<div class=\"info-box-inner reset-last-child\"><\/div>\n\n\t\t\t\t\t\t\t\t\t\t\t<\/div>\n\n\t\t\t\t\t\t\t\t\t\t\t<a class=\"wd-info-box-link wd-fill\" aria-label=\"Infobox link\" href=\"https:\/\/medinadellago.com\/en\/junior-suite\/\" title=\"Junior Suite\"><\/a>\n\t\t\t\t\t\n\t\t\t\t\t\t\t\t\t<\/div>\n\t\t\t<\/div>\n\t\t\t\t\t<div class=\"info-box-wrapper wd-carousel-item\">\n\t\t\t\t<div id=\"wd-5deede43092ea\" class=\"wd-rs-5deede43092ea wd-info-box wd-wpb text-center box-icon-align-top box-style- color-scheme- wd-bg-none\">\n\t\t\t\t\t\t\t\t\t\t\t<div class=\"box-icon-wrapper  box-with-icon box-icon-simple\">\n\t\t\t\t\t\t\t<div class=\"info-box-icon\">\n\n\t\t\t\t\t\t\t\n\t\t\t\t\t\t\t\t\t\t\t\t\t\t\t\t\t<img loading=\"lazy\" decoding=\"async\" width=\"1500\" height=\"1001\" src=\"https:\/\/medinadellago.com\/wp-content\/uploads\/2019\/12\/hab-suite1-1.jpg\" class=\"attachment-full size-full\" alt=\"\" srcset=\"https:\/\/medinadellago.com\/wp-content\/uploads\/2019\/12\/hab-suite1-1.jpg 1500w, https:\/\/medinadellago.com\/wp-content\/uploads\/2019\/12\/hab-suite1-1-300x200.jpg 300w, https:\/\/medinadellago.com\/wp-content\/uploads\/2019\/12\/hab-suite1-1-1024x683.jpg 1024w, https:\/\/medinadellago.com\/wp-content\/uploads\/2019\/12\/hab-suite1-1-768x513.jpg 768w, https:\/\/medinadellago.com\/wp-content\/uploads\/2019\/12\/hab-suite1-1-1200x801.jpg 1200w\" sizes=\"(max-width: 1500px) 100vw, 1500px\" \/>\t\t\t\t\t\t\t\t\t\t\t\t\t\t\t\n\t\t\t\t\t\t\t<\/div>\n\t\t\t\t\t\t<\/div>\n\t\t\t\t\t\t\t\t\t\t<div class=\"info-box-content\">\n\t\t\t\t\t\t<h4 class=\"info-box-title title box-title-style-default wd-fontsize-s\">Suite<\/h4>\t\t\t\t\t\t<div class=\"info-box-inner reset-last-child\"><\/div>\n\n\t\t\t\t\t\t\t\t\t\t\t<\/div>\n\n\t\t\t\t\t\t\t\t\t\t\t<a class=\"wd-info-box-link wd-fill\" aria-label=\"Infobox link\" href=\"https:\/\/medinadellago.com\/en\/suite-doble\/\" title=\"Suite\"><\/a>\n\t\t\t\t\t\n\t\t\t\t\t\t\t\t\t<\/div>\n\t\t\t<\/div>\n\t\t\t\t\t<div class=\"info-box-wrapper wd-carousel-item\">\n\t\t\t\t<div id=\"wd-5deee12dce464\" class=\"wd-rs-5deee12dce464 wd-info-box wd-wpb text-center box-icon-align-top box-style- color-scheme- wd-bg-none\">\n\t\t\t\t\t\t\t\t\t\t\t<div class=\"box-icon-wrapper  box-with-icon box-icon-simple\">\n\t\t\t\t\t\t\t<div class=\"info-box-icon\">\n\n\t\t\t\t\t\t\t\n\t\t\t\t\t\t\t\t\t\t\t\t\t\t\t\t\t<img loading=\"lazy\" decoding=\"async\" width=\"1500\" height=\"1001\" src=\"https:\/\/medinadellago.com\/wp-content\/uploads\/2019\/12\/hab-sm4.jpg\" class=\"attachment-full size-full\" alt=\"\" srcset=\"https:\/\/medinadellago.com\/wp-content\/uploads\/2019\/12\/hab-sm4.jpg 1500w, https:\/\/medinadellago.com\/wp-content\/uploads\/2019\/12\/hab-sm4-300x200.jpg 300w, https:\/\/medinadellago.com\/wp-content\/uploads\/2019\/12\/hab-sm4-1024x683.jpg 1024w, https:\/\/medinadellago.com\/wp-content\/uploads\/2019\/12\/hab-sm4-768x513.jpg 768w, https:\/\/medinadellago.com\/wp-content\/uploads\/2019\/12\/hab-sm4-1200x801.jpg 1200w\" sizes=\"(max-width: 1500px) 100vw, 1500px\" \/>\t\t\t\t\t\t\t\t\t\t\t\t\t\t\t\n\t\t\t\t\t\t\t<\/div>\n\t\t\t\t\t\t<\/div>\n\t\t\t\t\t\t\t\t\t\t<div class=\"info-box-content\">\n\t\t\t\t\t\t<h4 class=\"info-box-title title box-title-style-default wd-fontsize-s\">Medina del Lago Suite<\/h4>\t\t\t\t\t\t<div class=\"info-box-inner reset-last-child\"><\/div>\n\n\t\t\t\t\t\t\t\t\t\t\t<\/div>\n\n\t\t\t\t\t\t\t\t\t\t\t<a class=\"wd-info-box-link wd-fill\" aria-label=\"Infobox link\" href=\"https:\/\/medinadellago.com\/en\/suite-medina-del-lago\/\" title=\"Suite\"><\/a>\n\t\t\t\t\t\n\t\t\t\t\t\t\t\t\t<\/div>\n\t\t\t<\/div>\n\t\t\t\t\t\t\t\t<\/div>\n\t\t\t\t\t<\/div>\n\n\t\t\t\t\t\t\t\t\t\t\t\t\t<div class=\"wd-nav-arrows wd-pos-sep wd-hover-1 wd-icon-1\">\n\t\t\t<div class=\"wd-btn-arrow wd-prev wd-disabled\">\n\t\t\t\t<div class=\"wd-arrow-inner\"><\/div>\n\t\t\t<\/div>\n\t\t\t<div class=\"wd-btn-arrow wd-next\">\n\t\t\t\t<div class=\"wd-arrow-inner\"><\/div>\n\t\t\t<\/div>\n\t\t<\/div>\n\t\t\t\t\t\t\t\t\t\t\t<\/div>\n\n\t\t\t\t\t\t<div class=\"wd-nav-pagin-wrap text-center wd-style-shape wd-hide-md-sm wd-hide-sm\">\n\t\t\t<ul class=\"wd-nav-pagin\"><\/ul>\n\t\t<\/div>\n\t\t\t\t\t\t\t\t\t<\/div>\n\t\t<\/div><\/div><\/div><\/div>\n<\/div>","protected":false},"excerpt":{"rendered":"Descripci\u00f3n Disfrute desde la habitaci\u00f3n el paisaje del Lago San Pablo y del Volc\u00e1n Imbabura, adem\u00e1s sum\u00e9rjase en el interior","protected":false},"author":1,"featured_media":0,"parent":0,"menu_order":0,"comment_status":"closed","ping_status":"closed","template":"","meta":{"_joinchat":[],"footnotes":""},"class_list":["post-937","page","type-page","status-publish","hentry"],"_links":{"self":[{"href":"https:\/\/medinadellago.com\/en\/wp-json\/wp\/v2\/pages\/937","targetHints":{"allow":["GET"]}}],"collection":[{"href":"https:\/\/medinadellago.com\/en\/wp-json\/wp\/v2\/pages"}],"about":[{"href":"https:\/\/medinadellago.com\/en\/wp-json\/wp\/v2\/types\/page"}],"author":[{"embeddable":true,"href":"https:\/\/medinadellago.com\/en\/wp-json\/wp\/v2\/users\/1"}],"replies":[{"embeddable":true,"href":"https:\/\/medinadellago.com\/en\/wp-json\/wp\/v2\/comments?post=937"}],"version-history":[{"count":53,"href":"https:\/\/medinadellago.com\/en\/wp-json\/wp\/v2\/pages\/937\/revisions"}],"predecessor-version":[{"id":1597,"href":"https:\/\/medinadellago.com\/en\/wp-json\/wp\/v2\/pages\/937\/revisions\/1597"}],"wp:attachment":[{"href":"https:\/\/medinadellago.com\/en\/wp-json\/wp\/v2\/media?parent=937"}],"curies":[{"name":"wp","href":"https:\/\/api.w.org\/{rel}","templated":true}]}}