{"id":970,"date":"2019-12-09T00:22:53","date_gmt":"2019-12-09T05:22:53","guid":{"rendered":"https:\/\/medinadellago.com\/?page_id=970"},"modified":"2025-04-24T10:14:02","modified_gmt":"2025-04-24T15:14:02","slug":"reservaciones","status":"publish","type":"page","link":"https:\/\/medinadellago.com\/en\/reservaciones\/","title":{"rendered":"Booking"},"content":{"rendered":"<div class=\"wpb-content-wrapper\"><div class=\"vc_row wpb_row vc_row-fluid\"><div class=\"wpb_column vc_column_container vc_col-sm-2\"><div class=\"vc_column-inner\"><div class=\"wpb_wrapper\"><\/div><\/div><\/div><div class=\"wpb_column vc_column_container vc_col-sm-8\"><div class=\"vc_column-inner\"><div class=\"wpb_wrapper\"><div class=\"vc_row wpb_row vc_inner vc_row-fluid\"><div class=\"wpb_column vc_column_container vc_col-sm-6\"><div class=\"vc_column-inner\"><div class=\"wpb_wrapper\">\n\t\t<div id=\"wd-6809e550ea2dd\" class=\"title-wrapper wd-wpb wd-set-mb reset-last-child  wd-rs-6809e550ea2dd wd-title-color-default wd-title-style-default text-center  wd-underline-colored\">\n\t\t\t\n\t\t\t<div class=\"liner-continer\">\n\t\t\t\t<h4 class=\"woodmart-title-container title  wd-font-weight- wd-fontsize-l\" >Consulta de disponibilidad para reserva<\/h4>\n\t\t\t\t\t\t\t<\/div>\n\t\t\t\n\t\t\t\t\t\t\t<div class=\"title-after_title reset-last-child  wd-fontsize-xs\">Ingrese sus datos, un representante se contactar\u00e1 con usted en breve...<\/div>\n\t\t\t\n\t\t\t\n\t\t<\/div>\n\t\t\n\t\t\n<div class=\"wpcf7 no-js\" id=\"wpcf7-f1476-o1\" lang=\"es-ES\" dir=\"ltr\" data-wpcf7-id=\"1476\">\n<div class=\"screen-reader-response\"><p role=\"status\" aria-live=\"polite\" aria-atomic=\"true\"><\/p> <ul><\/ul><\/div>\n<form action=\"\/en\/wp-json\/wp\/v2\/pages\/970#wpcf7-f1476-o1\" method=\"post\" class=\"wpcf7-form init\" aria-label=\"Formulario de contacto\" novalidate=\"novalidate\" data-status=\"init\" data-trp-original-action=\"\/en\/wp-json\/wp\/v2\/pages\/970#wpcf7-f1476-o1\">\n<fieldset class=\"hidden-fields-container\"><input type=\"hidden\" name=\"_wpcf7\" value=\"1476\" \/><input type=\"hidden\" name=\"_wpcf7_version\" value=\"6.1.5\" \/><input type=\"hidden\" name=\"_wpcf7_locale\" value=\"es_ES\" \/><input type=\"hidden\" name=\"_wpcf7_unit_tag\" value=\"wpcf7-f1476-o1\" \/><input type=\"hidden\" name=\"_wpcf7_container_post\" value=\"0\" \/><input type=\"hidden\" name=\"_wpcf7_posted_data_hash\" value=\"\" \/>\n<\/fieldset>\n<div class=\"row\">\n\t<p><b><span class=\"wpcf7-form-control-wrap\" data-name=\"your-name\"><input size=\"40\" maxlength=\"400\" class=\"wpcf7-form-control wpcf7-text wpcf7-validates-as-required\" aria-required=\"true\" aria-invalid=\"false\" placeholder=\"Name\" value=\"\" type=\"text\" name=\"your-name\" \/><\/span><\/b>\n\t<\/p>\n<\/div>\n<div class=\"row\">\n\t<p><b><span class=\"wpcf7-form-control-wrap\" data-name=\"your-email\"><input size=\"40\" maxlength=\"400\" class=\"wpcf7-form-control wpcf7-email wpcf7-validates-as-required wpcf7-text wpcf7-validates-as-email\" aria-required=\"true\" aria-invalid=\"false\" placeholder=\"Email\" value=\"\" type=\"email\" name=\"your-email\" \/><\/span><\/b>\n\t<\/p>\n<\/div>\n<div class=\"row\">\n\t<p><b><span class=\"wpcf7-form-control-wrap\" data-name=\"telf\"><input size=\"40\" maxlength=\"400\" class=\"wpcf7-form-control wpcf7-text wpcf7-validates-as-required\" aria-required=\"true\" aria-invalid=\"false\" placeholder=\"Tel\u00e9fono de Contacto\" value=\"\" type=\"text\" name=\"telf\" \/><\/span><\/b>\n\t<\/p>\n<\/div>\n<div class=\"row\">\n\t<p><b><label>Tipo de Habitaci\u00f3n<span class=\"wpcf7-form-control-wrap\" data-name=\"habitacion\"><select class=\"wpcf7-form-control wpcf7-select\" aria-invalid=\"false\" name=\"habitacion\"><option value=\"Habitaci\u00f3n Est\u00e1ndar\">Single Room<\/option><option value=\"Habitaci\u00f3n Doble\">Double Room<\/option><option value=\"Junior Suite\">Junior Suite<\/option><option value=\"Suite\">Suite<\/option><option value=\"Suite Medina del Lago\">Medina del Lago Suite<\/option><\/select><\/span><\/label><\/b>\n\t<\/p>\n<\/div>\n<div class=\"row\">\n\t<p><b><label>Fecha de Ingreso (Checkin)<span class=\"wpcf7-form-control-wrap\" data-name=\"fechab\"><input class=\"wpcf7-form-control wpcf7-date wpcf7-validates-as-required wpcf7-validates-as-date\" aria-required=\"true\" aria-invalid=\"false\" value=\"\" type=\"date\" name=\"fechab\" \/><\/span><\/label><\/b>\n\t<\/p>\n<\/div>\n<div class=\"row\">\n\t<p><b><label>Fecha de Salida (Checkout)<span class=\"wpcf7-form-control-wrap\" data-name=\"fechab\"><input class=\"wpcf7-form-control wpcf7-date wpcf7-validates-as-required wpcf7-validates-as-date\" aria-required=\"true\" aria-invalid=\"false\" value=\"\" type=\"date\" name=\"fechab\" \/><\/span><\/label><\/b>\n\t<\/p>\n<\/div>\n<p><input class=\"wpcf7-form-control wpcf7-submit has-spinner btn-color-black\" type=\"submit\" value=\"SOLICITAR RESERVA\" \/>\n<\/p><div class=\"wpcf7-response-output\" aria-hidden=\"true\"><\/div>\n<input type=\"hidden\" name=\"trp-form-language\" value=\"en\"\/><\/form>\n<\/div>\n<\/div><\/div><\/div><div class=\"wpb_column vc_column_container vc_col-sm-6\"><div class=\"vc_column-inner\"><div class=\"wpb_wrapper\">\n\t<div  class=\"wpb_single_image wpb_content_element vc_align_left\">\n\t\t\n\t\t<figure class=\"wpb_wrapper vc_figure\">\n\t\t\t<div class=\"vc_single_image-wrapper   vc_box_border_grey\"><img fetchpriority=\"high\" decoding=\"async\" width=\"318\" height=\"362\" src=\"https:\/\/medinadellago.com\/wp-content\/uploads\/2020\/01\/imagen-reserva.jpg\" class=\"vc_single_image-img attachment-full\" alt=\"\" title=\"imagen-reserva\" srcset=\"https:\/\/medinadellago.com\/wp-content\/uploads\/2020\/01\/imagen-reserva.jpg 318w, https:\/\/medinadellago.com\/wp-content\/uploads\/2020\/01\/imagen-reserva-264x300.jpg 264w\" sizes=\"(max-width: 318px) 100vw, 318px\" \/><\/div>\n\t\t<\/figure>\n\t<\/div>\n<\/div><\/div><\/div><\/div><\/div><\/div><\/div><div class=\"wpb_column vc_column_container vc_col-sm-2\"><div class=\"vc_column-inner\"><div class=\"wpb_wrapper\"><\/div><\/div><\/div><\/div>\n<\/div>","protected":false},"excerpt":{"rendered":"Consulta de disponibilidad para reserva Ingrese sus datos, un representante se contactar\u00e1 con usted en breve... Tipo de Habitaci\u00f3nHabitaci\u00f3n Est\u00e1ndarHabitaci\u00f3n","protected":false},"author":1,"featured_media":0,"parent":0,"menu_order":0,"comment_status":"closed","ping_status":"closed","template":"","meta":{"_joinchat":[],"footnotes":""},"class_list":["post-970","page","type-page","status-publish","hentry"],"_links":{"self":[{"href":"https:\/\/medinadellago.com\/en\/wp-json\/wp\/v2\/pages\/970","targetHints":{"allow":["GET"]}}],"collection":[{"href":"https:\/\/medinadellago.com\/en\/wp-json\/wp\/v2\/pages"}],"about":[{"href":"https:\/\/medinadellago.com\/en\/wp-json\/wp\/v2\/types\/page"}],"author":[{"embeddable":true,"href":"https:\/\/medinadellago.com\/en\/wp-json\/wp\/v2\/users\/1"}],"replies":[{"embeddable":true,"href":"https:\/\/medinadellago.com\/en\/wp-json\/wp\/v2\/comments?post=970"}],"version-history":[{"count":14,"href":"https:\/\/medinadellago.com\/en\/wp-json\/wp\/v2\/pages\/970\/revisions"}],"predecessor-version":[{"id":1481,"href":"https:\/\/medinadellago.com\/en\/wp-json\/wp\/v2\/pages\/970\/revisions\/1481"}],"wp:attachment":[{"href":"https:\/\/medinadellago.com\/en\/wp-json\/wp\/v2\/media?parent=970"}],"curies":[{"name":"wp","href":"https:\/\/api.w.org\/{rel}","templated":true}]}}